{"id":1037,"date":"2011-05-16T17:13:10","date_gmt":"2011-05-16T17:13:10","guid":{"rendered":"http:\/\/www.orsiivik.gl\/?page_id=1037"},"modified":"2016-11-10T18:55:36","modified_gmt":"2016-11-10T18:55:36","slug":"aimpoint-red-dot","status":"publish","type":"page","link":"http:\/\/www.orsiivik.gl\/?page_id=1037","title":{"rendered":"AIMPOINT red dot"},"content":{"rendered":"<p>Nyhed i Orsiivik:<br \/>\n<strong>Aimpoint<\/strong> har igennem mere end 30 \u00e5r v\u00e6ret den f\u00f8rende leverand\u00f8r af Red Dot sigter, i t\u00e6t samarbejde med milit\u00e6rets v\u00e5ben eksperter, skarpskytter og j\u00e6gere verden over, er disse Red Dot l\u00f8bende blevet forbedret s\u00e5ledes at de fremover forbliver 1. valget af sigte, n\u00e5r der kr\u00e6ves hurtighed og pr\u00e6sision.<\/p>\n<p>Milit\u00e6re og politi elite enheder verden over har i mere end 20 \u00e5r brugt Aimpoint til deres opgaver. I 1997 tegnede U.S.Army, (det Amerikanske milit\u00e6r) verdens f\u00f8rste kontrakt p\u00e5 Red Dot sigter, siden da har Aimpoint fortsat leveret store m\u00e6ngder Red Dot sigter til U.S.Army, US Air force, US SOPMOD block2, Den franske h\u00e6r, Den Svenske h\u00e6r, Den Italienske h\u00e6r, Den Danske h\u00e6r og Den Finske h\u00e6r.<\/p>\n<p><strong>Model:<\/strong> Aimpoint 9000L<br \/>\n<strong>Info: <\/strong>Den klassiske Aimpoint R\u00f8dpunkt Kikkertsigte i normal l\u00e6ngde med 2 moa prik<strong><br \/>\nPris: <\/strong>Sp\u00f8rg i butikken, email butik@orsiivik.gl eller p\u00e5 tlf. 32 83 93<br \/>\n<strong>Art: <\/strong>30mm CenterFire R\u00f8dpunkt sigte m\/50.000timers batteri levetid<br \/>\n<a href=\"http:\/\/www.orsiivik.gl\/wp-content\/uploads\/2011\/05\/Aimpoint-9000L.jpg\"><img loading=\"lazy\" decoding=\"async\" class=\"alignnone size-medium wp-image-1082\" title=\"Aimpoint-9000L\" src=\"http:\/\/www.orsiivik.gl\/wp-content\/uploads\/2011\/05\/Aimpoint-9000L-300x234.jpg\" alt=\"\" width=\"300\" height=\"234\" srcset=\"http:\/\/www.orsiivik.gl\/wp-content\/uploads\/2011\/05\/Aimpoint-9000L-300x234.jpg 300w, http:\/\/www.orsiivik.gl\/wp-content\/uploads\/2011\/05\/Aimpoint-9000L.jpg 600w\" sizes=\"auto, (max-width: 300px) 100vw, 300px\" \/><\/a><\/p>\n<p>&nbsp;<\/p>\n<p><strong>Model:<\/strong> Aimpoint 9000SC<br \/>\n<strong>Info: <\/strong>Den klassiske Aimpoint R\u00f8dpunkt Kikkertsigte i kompakt design med 2 moa prik<strong><br \/>\nPris: <\/strong>Sp\u00f8rg i butikken, email butik@orsiivik.gl eller p\u00e5 tlf. 32 83 93<br \/>\n<strong>Art: <\/strong>30mm CenterFire R\u00f8dpunkt sigte m\/50.000timers batteri levetid<br \/>\n<a href=\"http:\/\/www.orsiivik.gl\/wp-content\/uploads\/2011\/05\/Aimpoint-9000SC.jpg\"><img loading=\"lazy\" decoding=\"async\" class=\"alignnone size-medium wp-image-1084\" title=\"Aimpoint-9000SC\" src=\"http:\/\/www.orsiivik.gl\/wp-content\/uploads\/2011\/05\/Aimpoint-9000SC-300x183.jpg\" alt=\"\" width=\"300\" height=\"183\" srcset=\"http:\/\/www.orsiivik.gl\/wp-content\/uploads\/2011\/05\/Aimpoint-9000SC-300x183.jpg 300w, http:\/\/www.orsiivik.gl\/wp-content\/uploads\/2011\/05\/Aimpoint-9000SC.jpg 500w\" sizes=\"auto, (max-width: 300px) 100vw, 300px\" \/><\/a><\/p>\n<p>&nbsp;<\/p>\n<p><strong>Model:<\/strong> Aimpoint H30L<br \/>\n<strong>Info: <\/strong>Aimpoint R\u00f8dpunkt Kikkertsigte i normal l\u00e6ngde med 2 moa prik<strong><br \/>\nPris:<\/strong> Sp\u00f8rg i butikken, email butik@orsiivik.gl eller p\u00e5 tlf. 32 83 93<br \/>\n<strong>Art: <\/strong>30mm CenterFire R\u00f8dpunkt sigte m\/50.000timers batteri levetid<br \/>\n<a href=\"http:\/\/www.orsiivik.gl\/wp-content\/uploads\/2011\/05\/Aimpoint-H30L.jpg\"><img loading=\"lazy\" decoding=\"async\" class=\"alignnone size-medium wp-image-1086\" title=\"Aimpoint-H30L\" src=\"http:\/\/www.orsiivik.gl\/wp-content\/uploads\/2011\/05\/Aimpoint-H30L-300x225.jpg\" alt=\"\" width=\"300\" height=\"225\" srcset=\"http:\/\/www.orsiivik.gl\/wp-content\/uploads\/2011\/05\/Aimpoint-H30L-300x225.jpg 300w, http:\/\/www.orsiivik.gl\/wp-content\/uploads\/2011\/05\/Aimpoint-H30L.jpg 500w\" sizes=\"auto, (max-width: 300px) 100vw, 300px\" \/><\/a><\/p>\n<p>&nbsp;<\/p>\n<p><strong>Model:<\/strong> Aimpoint H30S<br \/>\n<strong>Info: <\/strong>Aimpoint R\u00f8dpunkt Kikkertsigte i kompakt l\u00e6ngde med 2 moa prik<strong><br \/>\nPris: <\/strong>Sp\u00f8rg i butikken, email butik@orsiivik.gl eller p\u00e5 tlf. 32 83 93<br \/>\n<strong>Art: <\/strong>30mm CenterFire R\u00f8dpunkt sigte m\/50.000timers batteri levetid<br \/>\n<a href=\"http:\/\/www.orsiivik.gl\/wp-content\/uploads\/2011\/05\/Aimpoint-H30S.jpg\"><img loading=\"lazy\" decoding=\"async\" class=\"alignnone size-medium wp-image-1088\" title=\"Aimpoint-H30S\" src=\"http:\/\/www.orsiivik.gl\/wp-content\/uploads\/2011\/05\/Aimpoint-H30S-300x224.jpg\" alt=\"\" width=\"300\" height=\"224\" srcset=\"http:\/\/www.orsiivik.gl\/wp-content\/uploads\/2011\/05\/Aimpoint-H30S-300x224.jpg 300w, http:\/\/www.orsiivik.gl\/wp-content\/uploads\/2011\/05\/Aimpoint-H30S.jpg 450w\" sizes=\"auto, (max-width: 300px) 100vw, 300px\" \/><\/a><\/p>\n","protected":false},"excerpt":{"rendered":"<p>Nyhed i Orsiivik: Aimpoint har igennem mere end 30 \u00e5r v\u00e6ret den f\u00f8rende leverand\u00f8r af Red Dot sigter, i t\u00e6t samarbejde med milit\u00e6rets v\u00e5ben eksperter, skarpskytter og j\u00e6gere verden over, er disse Red Dot l\u00f8bende blevet forbedret s\u00e5ledes at de fremover forbliver 1. valget af sigte, n\u00e5r der kr\u00e6ves hurtighed og pr\u00e6sision. Milit\u00e6re og politi [&hellip;]<\/p>\n","protected":false},"author":1,"featured_media":0,"parent":274,"menu_order":3,"comment_status":"closed","ping_status":"closed","template":"","meta":{"footnotes":"","_links_to":"","_links_to_target":""},"class_list":["post-1037","page","type-page","status-publish","hentry"],"_links":{"self":[{"href":"http:\/\/www.orsiivik.gl\/index.php?rest_route=\/wp\/v2\/pages\/1037","targetHints":{"allow":["GET"]}}],"collection":[{"href":"http:\/\/www.orsiivik.gl\/index.php?rest_route=\/wp\/v2\/pages"}],"about":[{"href":"http:\/\/www.orsiivik.gl\/index.php?rest_route=\/wp\/v2\/types\/page"}],"author":[{"embeddable":true,"href":"http:\/\/www.orsiivik.gl\/index.php?rest_route=\/wp\/v2\/users\/1"}],"replies":[{"embeddable":true,"href":"http:\/\/www.orsiivik.gl\/index.php?rest_route=%2Fwp%2Fv2%2Fcomments&post=1037"}],"version-history":[{"count":11,"href":"http:\/\/www.orsiivik.gl\/index.php?rest_route=\/wp\/v2\/pages\/1037\/revisions"}],"predecessor-version":[{"id":2860,"href":"http:\/\/www.orsiivik.gl\/index.php?rest_route=\/wp\/v2\/pages\/1037\/revisions\/2860"}],"up":[{"embeddable":true,"href":"http:\/\/www.orsiivik.gl\/index.php?rest_route=\/wp\/v2\/pages\/274"}],"wp:attachment":[{"href":"http:\/\/www.orsiivik.gl\/index.php?rest_route=%2Fwp%2Fv2%2Fmedia&parent=1037"}],"curies":[{"name":"wp","href":"https:\/\/api.w.org\/{rel}","templated":true}]}}