{"id":1057,"date":"2011-05-16T18:29:32","date_gmt":"2011-05-16T18:29:32","guid":{"rendered":"http:\/\/www.orsiivik.gl\/?page_id=1057"},"modified":"2016-11-10T19:09:37","modified_gmt":"2016-11-10T19:09:37","slug":"camping-udstyr","status":"publish","type":"page","link":"http:\/\/www.orsiivik.gl\/?page_id=1057","title":{"rendered":"Camping udstyr"},"content":{"rendered":"<p>Nyheder fra Orsiivik:<\/p>\n<p><img loading=\"lazy\" decoding=\"async\" class=\"alignnone size-full wp-image-1067\" title=\"camping-div\" src=\"http:\/\/www.orsiivik.gl\/wp-content\/uploads\/2011\/05\/camping-div.jpg\" alt=\"\" width=\"424\" height=\"283\" srcset=\"http:\/\/www.orsiivik.gl\/wp-content\/uploads\/2011\/05\/camping-div.jpg 424w, http:\/\/www.orsiivik.gl\/wp-content\/uploads\/2011\/05\/camping-div-300x200.jpg 300w\" sizes=\"auto, (max-width: 424px) 100vw, 424px\" \/><\/p>\n<p>Mechanix arbejds &amp; fritids handsker<br \/>\n<a href=\"http:\/\/www.orsiivik.gl\/wp-content\/uploads\/2011\/05\/mechanix-Front.jpg\"><img loading=\"lazy\" decoding=\"async\" class=\"alignnone size-medium wp-image-1162\" title=\"mechanix-Front\" src=\"http:\/\/www.orsiivik.gl\/wp-content\/uploads\/2011\/05\/mechanix-Front-300x111.jpg\" alt=\"\" width=\"300\" height=\"111\" srcset=\"http:\/\/www.orsiivik.gl\/wp-content\/uploads\/2011\/05\/mechanix-Front-300x111.jpg 300w, http:\/\/www.orsiivik.gl\/wp-content\/uploads\/2011\/05\/mechanix-Front.jpg 706w\" sizes=\"auto, (max-width: 300px) 100vw, 300px\" \/><\/a><br \/>\n<a href=\"http:\/\/www.orsiivik.gl\/wp-content\/uploads\/2011\/05\/WoodlandCamo1.jpg\"><img loading=\"lazy\" decoding=\"async\" class=\"alignnone size-thumbnail wp-image-1173\" title=\"WoodlandCamo\" src=\"http:\/\/www.orsiivik.gl\/wp-content\/uploads\/2011\/05\/WoodlandCamo1-150x150.jpg\" alt=\"\" width=\"150\" height=\"150\" srcset=\"http:\/\/www.orsiivik.gl\/wp-content\/uploads\/2011\/05\/WoodlandCamo1-150x150.jpg 150w, http:\/\/www.orsiivik.gl\/wp-content\/uploads\/2011\/05\/WoodlandCamo1-200x200.jpg 200w\" sizes=\"auto, (max-width: 150px) 100vw, 150px\" \/><\/a><a href=\"http:\/\/www.orsiivik.gl\/wp-content\/uploads\/2011\/05\/Womens-glove.jpg\"><img loading=\"lazy\" decoding=\"async\" class=\"alignnone size-thumbnail wp-image-1175\" title=\"Womens-glove\" src=\"http:\/\/www.orsiivik.gl\/wp-content\/uploads\/2011\/05\/Womens-glove-150x150.jpg\" alt=\"\" width=\"150\" height=\"150\" \/><\/a><br \/>\n<strong>Model:<\/strong> Mechanix Original Glove<br \/>\n<strong>Info: <\/strong>Behagelig og t\u00e6tsiddende hverdags arbejds &amp; fritids handske.<br \/>\nFindes i st\u00f8rrelserne fra XXXS og op til XXXL<br \/>\n<strong>Pris:<\/strong> Sp\u00f8rg i butikken, email butik@orsiivik.gl eller p\u00e5 tlf. 32 83 93<br \/>\nf\u00e5s i diverse farver inklusiv Woodland Camo,<br \/>\nhelt sorte (Covert Glove) &amp; Women&#8217;s Pink Camo Glove<br \/>\n<strong>Art: <\/strong>Ekstra tynde arbejdshandsker til maksimal f\u00f8lelse med det du g\u00e5r og pusler med.<\/p>\n<p>&nbsp;<\/p>\n<p><a href=\"http:\/\/www.orsiivik.gl\/wp-content\/uploads\/2011\/05\/M-Pact-Black2.jpg\"><img loading=\"lazy\" decoding=\"async\" class=\"alignnone size-medium wp-image-1182\" title=\"M-Pact-Black\" src=\"http:\/\/www.orsiivik.gl\/wp-content\/uploads\/2011\/05\/M-Pact-Black2-300x249.jpg\" alt=\"\" width=\"300\" height=\"249\" srcset=\"http:\/\/www.orsiivik.gl\/wp-content\/uploads\/2011\/05\/M-Pact-Black2-300x249.jpg 300w, http:\/\/www.orsiivik.gl\/wp-content\/uploads\/2011\/05\/M-Pact-Black2.jpg 500w\" sizes=\"auto, (max-width: 300px) 100vw, 300px\" \/><\/a><\/p>\n<p><strong>Model:<\/strong> Mechanix M-Pact Glove<br \/>\n<strong>Info: <\/strong>Behagelig og t\u00e6tsiddende hverdags arbejds &amp; fritids handske.<br \/>\nMed l\u00e6der p\u00e5 de mest udsatte steder p\u00e5 handsken samt EVA puder p\u00e5 h\u00e5ndfladerne til og beskytte mod st\u00f8d &amp; slag.<br \/>\nLigeledes er knoerne ogs\u00e5 beskyttet mod st\u00f8d &amp; slag.<br \/>\n<strong>Pris:<\/strong> Sp\u00f8rg i butikken, email butik@orsiivik.gl eller p\u00e5 tlf. 32 83 93<br \/>\nLagerf\u00f8res kun i sort og i st\u00f8rrelserne S,M,L &amp; XL<br \/>\n<strong>Art: <\/strong>Arbejdshandske der har fokus p\u00e5 og beskytte dine h\u00e6nder mod st\u00f8d &amp; Slag.<\/p>\n<p>&nbsp;<\/p>\n<p><a href=\"http:\/\/www.orsiivik.gl\/wp-content\/uploads\/2011\/05\/Mechanix-Wear-Fast-Fit-Gloves.jpg\"><img loading=\"lazy\" decoding=\"async\" class=\"alignnone size-full wp-image-1184\" title=\"Mechanix-Wear-Fast-Fit-Gloves\" src=\"http:\/\/www.orsiivik.gl\/wp-content\/uploads\/2011\/05\/Mechanix-Wear-Fast-Fit-Gloves.jpg\" alt=\"\" width=\"300\" height=\"300\" srcset=\"http:\/\/www.orsiivik.gl\/wp-content\/uploads\/2011\/05\/Mechanix-Wear-Fast-Fit-Gloves.jpg 300w, http:\/\/www.orsiivik.gl\/wp-content\/uploads\/2011\/05\/Mechanix-Wear-Fast-Fit-Gloves-150x150.jpg 150w\" sizes=\"auto, (max-width: 300px) 100vw, 300px\" \/><\/a><\/p>\n<p><strong>Model:<\/strong> Mechanix Fast Fit Glove<br \/>\n<strong>Info: <\/strong>Handsken der er nem at f\u00e5 p\u00e5 og af, stadig i den t\u00e6tsiddende kvalitet som Mechanix handskerne er kendt for.<br \/>\n<strong>Pris:<\/strong> Sp\u00f8rg i butikken, email butik@orsiivik.gl eller p\u00e5 tlf. 32 83 93<br \/>\n<strong>Art: <\/strong>Arbejdshandskerne til dig der har brug for en handske der er hurtig at f\u00e5 p\u00e5 og af.<\/p>\n","protected":false},"excerpt":{"rendered":"<p>Nyheder fra Orsiivik: Mechanix arbejds &amp; fritids handsker Model: Mechanix Original Glove Info: Behagelig og t\u00e6tsiddende hverdags arbejds &amp; fritids handske. Findes i st\u00f8rrelserne fra XXXS og op til XXXL Pris: Sp\u00f8rg i butikken, email butik@orsiivik.gl eller p\u00e5 tlf. 32 83 93 f\u00e5s i diverse farver inklusiv Woodland Camo, helt sorte (Covert Glove) &amp; Women&#8217;s [&hellip;]<\/p>\n","protected":false},"author":1,"featured_media":0,"parent":11,"menu_order":0,"comment_status":"closed","ping_status":"closed","template":"","meta":{"footnotes":"","_links_to":"","_links_to_target":""},"class_list":["post-1057","page","type-page","status-publish","hentry"],"_links":{"self":[{"href":"http:\/\/www.orsiivik.gl\/index.php?rest_route=\/wp\/v2\/pages\/1057","targetHints":{"allow":["GET"]}}],"collection":[{"href":"http:\/\/www.orsiivik.gl\/index.php?rest_route=\/wp\/v2\/pages"}],"about":[{"href":"http:\/\/www.orsiivik.gl\/index.php?rest_route=\/wp\/v2\/types\/page"}],"author":[{"embeddable":true,"href":"http:\/\/www.orsiivik.gl\/index.php?rest_route=\/wp\/v2\/users\/1"}],"replies":[{"embeddable":true,"href":"http:\/\/www.orsiivik.gl\/index.php?rest_route=%2Fwp%2Fv2%2Fcomments&post=1057"}],"version-history":[{"count":25,"href":"http:\/\/www.orsiivik.gl\/index.php?rest_route=\/wp\/v2\/pages\/1057\/revisions"}],"predecessor-version":[{"id":2868,"href":"http:\/\/www.orsiivik.gl\/index.php?rest_route=\/wp\/v2\/pages\/1057\/revisions\/2868"}],"up":[{"embeddable":true,"href":"http:\/\/www.orsiivik.gl\/index.php?rest_route=\/wp\/v2\/pages\/11"}],"wp:attachment":[{"href":"http:\/\/www.orsiivik.gl\/index.php?rest_route=%2Fwp%2Fv2%2Fmedia&parent=1057"}],"curies":[{"name":"wp","href":"https:\/\/api.w.org\/{rel}","templated":true}]}}