{"id":2184,"date":"2013-05-02T16:48:32","date_gmt":"2013-05-02T16:48:32","guid":{"rendered":"http:\/\/www.orsiivik.gl\/?page_id=2184"},"modified":"2019-03-21T12:21:32","modified_gmt":"2019-03-21T12:21:32","slug":"steiner","status":"publish","type":"page","link":"http:\/\/www.orsiivik.gl\/?page_id=2184","title":{"rendered":"Steiner"},"content":{"rendered":"<p><a href=\"http:\/\/www.orsiivik.gl\/wp-content\/uploads\/2019\/03\/steiner-optics-header.jpg\"><img loading=\"lazy\" decoding=\"async\" class=\"alignnone size-full wp-image-2963\" src=\"http:\/\/www.orsiivik.gl\/wp-content\/uploads\/2019\/03\/steiner-optics-header.jpg\" alt=\"\" width=\"698\" height=\"220\" srcset=\"http:\/\/www.orsiivik.gl\/wp-content\/uploads\/2019\/03\/steiner-optics-header.jpg 698w, http:\/\/www.orsiivik.gl\/wp-content\/uploads\/2019\/03\/steiner-optics-header-300x95.jpg 300w\" sizes=\"auto, (max-width: 698px) 100vw, 698px\" \/><\/a><br \/>\nSteiner kikkerter er lig med Tysk kvalitet og de har leveret kikkerter til jagt og milit\u00e6r brug i over 70 \u00e5r.<br \/>\nSteiner er lig med en brugs kikkert der kan t\u00e5le hverdagens og jagtturenes strabadser.<\/p>\n<hr \/>\n<p><strong><a href=\"http:\/\/www.orsiivik.gl\/wp-content\/uploads\/2019\/03\/SafariUltrasharp_10x30_3.png\"><img loading=\"lazy\" decoding=\"async\" class=\"alignnone size-medium wp-image-2974\" src=\"http:\/\/www.orsiivik.gl\/wp-content\/uploads\/2019\/03\/SafariUltrasharp_10x30_3-276x300.png\" alt=\"\" width=\"276\" height=\"300\" srcset=\"http:\/\/www.orsiivik.gl\/wp-content\/uploads\/2019\/03\/SafariUltrasharp_10x30_3-276x300.png 276w, http:\/\/www.orsiivik.gl\/wp-content\/uploads\/2019\/03\/SafariUltrasharp_10x30_3.png 470w\" sizes=\"auto, (max-width: 276px) 100vw, 276px\" \/><\/a><br \/>\nModel:<\/strong>\u00a010&#215;30 Safari UltraSharp H\u00e5ndkikkert<strong><br \/>\n<\/strong><strong>Info: <\/strong>Den perfekte kikkert til vandre &amp; jagtture, rejser og fugleiagttagelse.<br \/>\nForst\u00f8rrelse: 10 x<br \/>\nObjektivdiameter: 30 mm<br \/>\nSynsfelt p\u00e5 1000 m: 105 m<br \/>\nV\u00e6gt uden taske: 611 g<br \/>\n10 \u00e5rs garanti<br \/>\n<strong>Pris:\u00a01.799,- kr. (g\u00e6ldende for 2019)<\/strong><\/p>\n<hr \/>\n<p><strong><a href=\"http:\/\/www.orsiivik.gl\/wp-content\/uploads\/2019\/03\/Safari_10x42_av.png\"><img loading=\"lazy\" decoding=\"async\" class=\"alignnone size-medium wp-image-2970\" src=\"http:\/\/www.orsiivik.gl\/wp-content\/uploads\/2019\/03\/Safari_10x42_av-276x300.png\" alt=\"\" width=\"276\" height=\"300\" srcset=\"http:\/\/www.orsiivik.gl\/wp-content\/uploads\/2019\/03\/Safari_10x42_av-276x300.png 276w, http:\/\/www.orsiivik.gl\/wp-content\/uploads\/2019\/03\/Safari_10x42_av.png 470w\" sizes=\"auto, (max-width: 276px) 100vw, 276px\" \/><\/a><br \/>\nModel:<\/strong>\u00a010&#215;42 Safari UltraSharp H\u00e5ndkikkert<strong><br \/>\n<\/strong><strong>Info: <\/strong>Den perfekte kikkert til vandre &amp; jagtture, rejser og fugleiagttagelse.<br \/>\nForst\u00f8rrelse: 10 x<br \/>\nObjektivdiameter: 42 mm<br \/>\nSynsfelt p\u00e5 1000 m: 100 m<br \/>\nV\u00e6gt uden taske: 720 g<br \/>\n10 \u00e5rs garanti<br \/>\n<strong>Pris:\u00a02.299,- kr. (g\u00e6ldende for 2019)<\/strong><\/p>\n<hr \/>\n<p><strong><a href=\"http:\/\/www.orsiivik.gl\/wp-content\/uploads\/2019\/03\/navigator-7-30_0.png\"><img loading=\"lazy\" decoding=\"async\" class=\"alignnone size-medium wp-image-2977\" src=\"http:\/\/www.orsiivik.gl\/wp-content\/uploads\/2019\/03\/navigator-7-30_0-276x300.png\" alt=\"\" width=\"276\" height=\"300\" srcset=\"http:\/\/www.orsiivik.gl\/wp-content\/uploads\/2019\/03\/navigator-7-30_0-276x300.png 276w, http:\/\/www.orsiivik.gl\/wp-content\/uploads\/2019\/03\/navigator-7-30_0.png 470w\" sizes=\"auto, (max-width: 276px) 100vw, 276px\" \/><\/a><br \/>\nModel:<\/strong>\u00a07&#215;30 Navigator Pro H\u00e5ndkikkert med AutoFocus<strong><br \/>\n<\/strong><strong>Info: <\/strong>Den perfekte kikkert til brug p\u00e5 havet.<br \/>\nKikkerten er vandt\u00e6t ned til 5 meters dybde<br \/>\nForst\u00f8rrelse: 7 x<br \/>\nObjektivdiameter: 30 mm<br \/>\nSynsfelt p\u00e5 1000 m: 123 m<br \/>\nV\u00e6gt uden taske: 545 g<br \/>\n10 \u00e5rs garanti<br \/>\n<strong>Pris:\u00a02.199,- kr. (g\u00e6ldende for 2019)<\/strong><\/p>\n<hr \/>\n<p><strong><a href=\"http:\/\/www.orsiivik.gl\/wp-content\/uploads\/2019\/03\/NavigatorPro_7x30C_a.png\"><img loading=\"lazy\" decoding=\"async\" class=\"alignnone size-medium wp-image-2984\" src=\"http:\/\/www.orsiivik.gl\/wp-content\/uploads\/2019\/03\/NavigatorPro_7x30C_a-279x300.png\" alt=\"\" width=\"279\" height=\"300\" srcset=\"http:\/\/www.orsiivik.gl\/wp-content\/uploads\/2019\/03\/NavigatorPro_7x30C_a-279x300.png 279w, http:\/\/www.orsiivik.gl\/wp-content\/uploads\/2019\/03\/NavigatorPro_7x30C_a.png 760w\" sizes=\"auto, (max-width: 279px) 100vw, 279px\" \/><\/a><br \/>\nModel:<\/strong>\u00a07&#215;30 Navigator Pro H\u00e5ndkikkert med AutoFocus &amp; Kompas<strong><br \/>\n<\/strong><strong>Info: <\/strong>Den perfekte kikkert til brug p\u00e5 havet.<br \/>\nKikkerten er vandt\u00e6t ned til 5 meters dybde<br \/>\nForst\u00f8rrelse: 7 x<br \/>\nObjektivdiameter: 30 mm<br \/>\nSynsfelt p\u00e5 1000 m: 123 m<br \/>\nV\u00e6gt uden taske: 560 g<br \/>\n10 \u00e5rs garanti<br \/>\n<strong>Pris:\u00a02.699,- kr. (g\u00e6ldende for 2019)<\/strong><\/p>\n<hr \/>\n<p><strong><a href=\"http:\/\/www.orsiivik.gl\/wp-content\/uploads\/2019\/03\/navigator-750-c_0.png\"><img loading=\"lazy\" decoding=\"async\" class=\"alignnone size-medium wp-image-2988\" src=\"http:\/\/www.orsiivik.gl\/wp-content\/uploads\/2019\/03\/navigator-750-c_0-279x300.png\" alt=\"\" width=\"279\" height=\"300\" srcset=\"http:\/\/www.orsiivik.gl\/wp-content\/uploads\/2019\/03\/navigator-750-c_0-279x300.png 279w, http:\/\/www.orsiivik.gl\/wp-content\/uploads\/2019\/03\/navigator-750-c_0.png 760w\" sizes=\"auto, (max-width: 279px) 100vw, 279px\" \/><\/a><br \/>\nModel:<\/strong>\u00a07&#215;50 Navigator Pro H\u00e5ndkikkert med AutoFocus &amp; Kompas<strong><br \/>\n<\/strong><strong>Info: <\/strong>Den perfekte kikkert til brug p\u00e5 havet.<br \/>\nKikkerten er vandt\u00e6t ned til 5 meters dybde<br \/>\nForst\u00f8rrelse: 7 x<br \/>\nObjektivdiameter: 50 mm<br \/>\nSynsfelt p\u00e5 1000 m: 123 m<br \/>\nV\u00e6gt uden taske: 1.110 g<br \/>\n10 \u00e5rs garanti<br \/>\n<strong>Pris: 3.399,- kr. (g\u00e6ldende for 2019)<\/strong><\/p>\n<hr \/>\n<p><strong><a href=\"http:\/\/www.orsiivik.gl\/wp-content\/uploads\/2019\/03\/commander-7x50-c_0.png\"><img loading=\"lazy\" decoding=\"async\" class=\"alignnone size-medium wp-image-2991\" src=\"http:\/\/www.orsiivik.gl\/wp-content\/uploads\/2019\/03\/commander-7x50-c_0-279x300.png\" alt=\"\" width=\"279\" height=\"300\" srcset=\"http:\/\/www.orsiivik.gl\/wp-content\/uploads\/2019\/03\/commander-7x50-c_0-279x300.png 279w, http:\/\/www.orsiivik.gl\/wp-content\/uploads\/2019\/03\/commander-7x50-c_0.png 760w\" sizes=\"auto, (max-width: 279px) 100vw, 279px\" \/><\/a><br \/>\nModel:<\/strong>\u00a07x50c Commander H\u00e5ndkikkert med AutoFocus &amp; Kompas<strong><br \/>\n<\/strong><strong>Info: <\/strong>Den perfekte kikkert til brug p\u00e5 havet.<br \/>\nKikkerten er vandt\u00e6t ned til 5 meters dybde<br \/>\nForst\u00f8rrelse: 7 x<br \/>\nObjektivdiameter: 50 mm<br \/>\nSynsfelt p\u00e5 1000 m: 145 m<br \/>\nV\u00e6gt uden taske: 1.190 g<br \/>\n10 \u00e5rs garanti<br \/>\n<strong>Pris: 7.599,- kr. (g\u00e6ldende for 2019)<\/strong><\/p>\n<hr \/>\n<p><strong><a href=\"http:\/\/www.orsiivik.gl\/wp-content\/uploads\/2019\/03\/commander-global-7x50_2.png\"><img loading=\"lazy\" decoding=\"async\" class=\"alignnone size-medium wp-image-2996\" src=\"http:\/\/www.orsiivik.gl\/wp-content\/uploads\/2019\/03\/commander-global-7x50_2-279x300.png\" alt=\"\" width=\"279\" height=\"300\" srcset=\"http:\/\/www.orsiivik.gl\/wp-content\/uploads\/2019\/03\/commander-global-7x50_2-279x300.png 279w, http:\/\/www.orsiivik.gl\/wp-content\/uploads\/2019\/03\/commander-global-7x50_2.png 760w\" sizes=\"auto, (max-width: 279px) 100vw, 279px\" \/><\/a><br \/>\nModel:<\/strong>\u00a07x50c Commander Global H\u00e5ndkikkert med AutoFocus &amp; Kompas<strong><br \/>\n<\/strong><strong>Info: <\/strong>Flagskibet indenfor Steiner marine optik, bem\u00e6rk 30\u00e5rs garanti<br \/>\nKikkerten er vandt\u00e6t ned til 5 meters dybde<br \/>\nHigh-Definition Optik med Diamond marine coating<br \/>\nForst\u00f8rrelse: 7 x<br \/>\nObjektivdiameter: 50 mm<br \/>\nSynsfelt p\u00e5 1000 m: 130 m<br \/>\nV\u00e6gt uden taske: 1.147 g<br \/>\n30 \u00e5rs garanti\/2 \u00e5r p\u00e5 elektronik<br \/>\n<strong>Pris: 12.999,- kr. (g\u00e6ldende for 2019)<\/strong><\/p>\n","protected":false},"excerpt":{"rendered":"<p>Steiner kikkerter er lig med Tysk kvalitet og de har leveret kikkerter til jagt og milit\u00e6r brug i over 70 \u00e5r. Steiner er lig med en brugs kikkert der kan t\u00e5le hverdagens og jagtturenes strabadser. Model:\u00a010&#215;30 Safari UltraSharp H\u00e5ndkikkert Info: Den perfekte kikkert til vandre &amp; jagtture, rejser og fugleiagttagelse. Forst\u00f8rrelse: 10 x Objektivdiameter: 30 [&hellip;]<\/p>\n","protected":false},"author":1,"featured_media":0,"parent":273,"menu_order":1,"comment_status":"closed","ping_status":"closed","template":"","meta":{"footnotes":"","_links_to":"","_links_to_target":""},"class_list":["post-2184","page","type-page","status-publish","hentry"],"_links":{"self":[{"href":"http:\/\/www.orsiivik.gl\/index.php?rest_route=\/wp\/v2\/pages\/2184","targetHints":{"allow":["GET"]}}],"collection":[{"href":"http:\/\/www.orsiivik.gl\/index.php?rest_route=\/wp\/v2\/pages"}],"about":[{"href":"http:\/\/www.orsiivik.gl\/index.php?rest_route=\/wp\/v2\/types\/page"}],"author":[{"embeddable":true,"href":"http:\/\/www.orsiivik.gl\/index.php?rest_route=\/wp\/v2\/users\/1"}],"replies":[{"embeddable":true,"href":"http:\/\/www.orsiivik.gl\/index.php?rest_route=%2Fwp%2Fv2%2Fcomments&post=2184"}],"version-history":[{"count":20,"href":"http:\/\/www.orsiivik.gl\/index.php?rest_route=\/wp\/v2\/pages\/2184\/revisions"}],"predecessor-version":[{"id":2999,"href":"http:\/\/www.orsiivik.gl\/index.php?rest_route=\/wp\/v2\/pages\/2184\/revisions\/2999"}],"up":[{"embeddable":true,"href":"http:\/\/www.orsiivik.gl\/index.php?rest_route=\/wp\/v2\/pages\/273"}],"wp:attachment":[{"href":"http:\/\/www.orsiivik.gl\/index.php?rest_route=%2Fwp%2Fv2%2Fmedia&parent=2184"}],"curies":[{"name":"wp","href":"https:\/\/api.w.org\/{rel}","templated":true}]}}