{"id":260,"date":"2010-12-17T17:23:08","date_gmt":"2010-12-17T17:23:08","guid":{"rendered":"http:\/\/www.orsiivik.gl\/?page_id=260"},"modified":"2020-08-11T13:18:06","modified_gmt":"2020-08-11T13:18:06","slug":"sako","status":"publish","type":"page","link":"http:\/\/www.orsiivik.gl\/?page_id=260","title":{"rendered":"Sako"},"content":{"rendered":"<p><strong>Bem\u00e6rk der tages forbehold for eventuelle pris\u00e6ndringer samt udsolgte varer.<\/strong><\/p>\n<hr \/>\n<p><strong>Model:<\/strong> Sako 85 Hunter Stainless Steel med 20\u2033 L\u00f8b<br \/>\n<strong>Info: <\/strong>Jagtriffel<br \/>\n<strong>Pris:<\/strong> Sp\u00f8rg i butikken, email butik@orsiivik.gl eller p\u00e5 tlf. 32 83 93<br \/>\n<strong>Art: <\/strong>Centerfire Riffel med 20\u2033 l\u00f8b samt gevind for lydd\u00e6mper i M14X1<br \/>\n(Bem\u00e6rk at den er afbilledet med 24&#8243; l\u00f8b p\u00e5 billedet)<br \/>\n<a href=\"http:\/\/www.orsiivik.gl\/wp-content\/uploads\/2010\/12\/hunterss308.jpg\"><img loading=\"lazy\" decoding=\"async\" class=\"alignnone size-medium wp-image-784\" title=\"hunterss308\" src=\"http:\/\/www.orsiivik.gl\/wp-content\/uploads\/2010\/12\/hunterss308-300x82.jpg\" alt=\"\" width=\"300\" height=\"82\" srcset=\"http:\/\/www.orsiivik.gl\/wp-content\/uploads\/2010\/12\/hunterss308-300x82.jpg 300w, http:\/\/www.orsiivik.gl\/wp-content\/uploads\/2010\/12\/hunterss308.jpg 725w\" sizes=\"auto, (max-width: 300px) 100vw, 300px\" \/><\/a><\/p>\n<hr \/>\n<p><strong>Model:<\/strong> Sako 85 Synthetic Stainless Steel med 20\u2033 L\u00f8b<br \/>\n<strong>Info: <\/strong>Jagtriffel<br \/>\n<strong>Pris:<\/strong> Sp\u00f8rg i butikken, email butik@orsiivik.gl eller p\u00e5 tlf. 32 83 93<br \/>\n<strong>Art: <\/strong>Centerfire Riffel med 20\u2033 l\u00f8b samt gevind for lydd\u00e6mper i M14X1<br \/>\n(Bem\u00e6rk at den er afbilledet med 24\u2033 l\u00f8b p\u00e5 billedet)<br \/>\n<a href=\"http:\/\/www.orsiivik.gl\/wp-content\/uploads\/2010\/12\/synthss308.jpg\"><img loading=\"lazy\" decoding=\"async\" class=\"alignnone size-medium wp-image-788\" title=\"synthss308\" src=\"http:\/\/www.orsiivik.gl\/wp-content\/uploads\/2010\/12\/synthss308-300x82.jpg\" alt=\"\" width=\"300\" height=\"82\" srcset=\"http:\/\/www.orsiivik.gl\/wp-content\/uploads\/2010\/12\/synthss308-300x82.jpg 300w, http:\/\/www.orsiivik.gl\/wp-content\/uploads\/2010\/12\/synthss308.jpg 725w\" sizes=\"auto, (max-width: 300px) 100vw, 300px\" \/><\/a><\/p>\n<hr \/>\n","protected":false},"excerpt":{"rendered":"<p>Bem\u00e6rk der tages forbehold for eventuelle pris\u00e6ndringer samt udsolgte varer. Model: Sako 85 Hunter Stainless Steel med 20\u2033 L\u00f8b Info: Jagtriffel Pris: Sp\u00f8rg i butikken, email butik@orsiivik.gl eller p\u00e5 tlf. 32 83 93 Art: Centerfire Riffel med 20\u2033 l\u00f8b samt gevind for lydd\u00e6mper i M14X1 (Bem\u00e6rk at den er afbilledet med 24&#8243; l\u00f8b p\u00e5 billedet) [&hellip;]<\/p>\n","protected":false},"author":1,"featured_media":0,"parent":2,"menu_order":9,"comment_status":"closed","ping_status":"closed","template":"","meta":{"footnotes":"","_links_to":"","_links_to_target":""},"class_list":["post-260","page","type-page","status-publish","hentry"],"_links":{"self":[{"href":"http:\/\/www.orsiivik.gl\/index.php?rest_route=\/wp\/v2\/pages\/260","targetHints":{"allow":["GET"]}}],"collection":[{"href":"http:\/\/www.orsiivik.gl\/index.php?rest_route=\/wp\/v2\/pages"}],"about":[{"href":"http:\/\/www.orsiivik.gl\/index.php?rest_route=\/wp\/v2\/types\/page"}],"author":[{"embeddable":true,"href":"http:\/\/www.orsiivik.gl\/index.php?rest_route=\/wp\/v2\/users\/1"}],"replies":[{"embeddable":true,"href":"http:\/\/www.orsiivik.gl\/index.php?rest_route=%2Fwp%2Fv2%2Fcomments&post=260"}],"version-history":[{"count":16,"href":"http:\/\/www.orsiivik.gl\/index.php?rest_route=\/wp\/v2\/pages\/260\/revisions"}],"predecessor-version":[{"id":3025,"href":"http:\/\/www.orsiivik.gl\/index.php?rest_route=\/wp\/v2\/pages\/260\/revisions\/3025"}],"up":[{"embeddable":true,"href":"http:\/\/www.orsiivik.gl\/index.php?rest_route=\/wp\/v2\/pages\/2"}],"wp:attachment":[{"href":"http:\/\/www.orsiivik.gl\/index.php?rest_route=%2Fwp%2Fv2%2Fmedia&parent=260"}],"curies":[{"name":"wp","href":"https:\/\/api.w.org\/{rel}","templated":true}]}}