{"id":297,"date":"2010-12-17T18:49:09","date_gmt":"2010-12-17T18:49:09","guid":{"rendered":"http:\/\/www.orsiivik.gl\/?page_id=297"},"modified":"2019-03-19T19:07:10","modified_gmt":"2019-03-19T19:07:10","slug":"zeiss-sigtekikkerter","status":"publish","type":"page","link":"http:\/\/www.orsiivik.gl\/?page_id=297","title":{"rendered":"Zeiss Sigtekikkerter"},"content":{"rendered":"<p><strong><a href=\"http:\/\/www.orsiivik.gl\/wp-content\/uploads\/2019\/03\/riflescope-2-12x50-zeiss-conquest-v6-60-it-asv.jpg\"><img loading=\"lazy\" decoding=\"async\" class=\"alignnone size-medium wp-image-2931\" src=\"http:\/\/www.orsiivik.gl\/wp-content\/uploads\/2019\/03\/riflescope-2-12x50-zeiss-conquest-v6-60-it-asv-300x300.jpg\" alt=\"\" width=\"300\" height=\"300\" srcset=\"http:\/\/www.orsiivik.gl\/wp-content\/uploads\/2019\/03\/riflescope-2-12x50-zeiss-conquest-v6-60-it-asv-300x300.jpg 300w, http:\/\/www.orsiivik.gl\/wp-content\/uploads\/2019\/03\/riflescope-2-12x50-zeiss-conquest-v6-60-it-asv-150x150.jpg 150w, http:\/\/www.orsiivik.gl\/wp-content\/uploads\/2019\/03\/riflescope-2-12x50-zeiss-conquest-v6-60-it-asv-768x768.jpg 768w, http:\/\/www.orsiivik.gl\/wp-content\/uploads\/2019\/03\/riflescope-2-12x50-zeiss-conquest-v6-60-it-asv.jpg 800w\" sizes=\"auto, (max-width: 300px) 100vw, 300px\" \/><\/a><br \/>\n<a href=\"http:\/\/www.orsiivik.gl\/wp-content\/uploads\/2019\/03\/ASV.jpg\"><img loading=\"lazy\" decoding=\"async\" class=\"alignnone size-medium wp-image-2933\" src=\"http:\/\/www.orsiivik.gl\/wp-content\/uploads\/2019\/03\/ASV-300x201.jpg\" alt=\"\" width=\"300\" height=\"201\" srcset=\"http:\/\/www.orsiivik.gl\/wp-content\/uploads\/2019\/03\/ASV-300x201.jpg 300w, http:\/\/www.orsiivik.gl\/wp-content\/uploads\/2019\/03\/ASV-768x515.jpg 768w, http:\/\/www.orsiivik.gl\/wp-content\/uploads\/2019\/03\/ASV.jpg 1024w\" sizes=\"auto, (max-width: 300px) 100vw, 300px\" \/><\/a><br \/>\nModel:<\/strong> Zeiss Conquest V6 2-12x50mm sigtekikkert med ASV klikt\u00e5rn<strong><br \/>\n<\/strong><strong>Info:\u00a0<\/strong>Med ASV klikt\u00e5rn samt belyst sigte i 2. billedplan<br \/>\nForst\u00f8rrelse: 2-12x<br \/>\nObjektivdiameter: 50 mm<br \/>\nKlikv\u00e6rdi p\u00e5 100m\/1cm<br \/>\nSynsfelt p\u00e5 100 m: 2x\/20,5 m &#8211; 12x\/3,4 m<br \/>\nV\u00e6gt: 620 gram<br \/>\nL\u00e6ngde: 335 mm<br \/>\n30mm tubediameter<br \/>\n<strong>Pris:<\/strong>\u00a01<strong>3.491,- kr. (g\u00e6ldende for 2019)<\/strong><\/p>\n<hr \/>\n<p><a href=\"http:\/\/www.orsiivik.gl\/wp-content\/uploads\/2019\/03\/Zeiss-Conquest-V4.jpg\"><img loading=\"lazy\" decoding=\"async\" class=\"alignnone size-medium wp-image-2938\" src=\"http:\/\/www.orsiivik.gl\/wp-content\/uploads\/2019\/03\/Zeiss-Conquest-V4-300x300.jpg\" alt=\"\" width=\"300\" height=\"300\" srcset=\"http:\/\/www.orsiivik.gl\/wp-content\/uploads\/2019\/03\/Zeiss-Conquest-V4-300x300.jpg 300w, http:\/\/www.orsiivik.gl\/wp-content\/uploads\/2019\/03\/Zeiss-Conquest-V4-150x150.jpg 150w, http:\/\/www.orsiivik.gl\/wp-content\/uploads\/2019\/03\/Zeiss-Conquest-V4-768x768.jpg 768w, http:\/\/www.orsiivik.gl\/wp-content\/uploads\/2019\/03\/Zeiss-Conquest-V4-1024x1024.jpg 1024w, http:\/\/www.orsiivik.gl\/wp-content\/uploads\/2019\/03\/Zeiss-Conquest-V4.jpg 1200w\" sizes=\"auto, (max-width: 300px) 100vw, 300px\" \/><\/a><br \/>\n<a href=\"http:\/\/www.orsiivik.gl\/wp-content\/uploads\/2019\/03\/reticle-94-z-moa-2-non-illum.jpg\"><img loading=\"lazy\" decoding=\"async\" class=\"alignnone size-medium wp-image-2939\" src=\"http:\/\/www.orsiivik.gl\/wp-content\/uploads\/2019\/03\/reticle-94-z-moa-2-non-illum-300x290.jpg\" alt=\"\" width=\"300\" height=\"290\" srcset=\"http:\/\/www.orsiivik.gl\/wp-content\/uploads\/2019\/03\/reticle-94-z-moa-2-non-illum-300x290.jpg 300w, http:\/\/www.orsiivik.gl\/wp-content\/uploads\/2019\/03\/reticle-94-z-moa-2-non-illum.jpg 700w\" sizes=\"auto, (max-width: 300px) 100vw, 300px\" \/><\/a><\/p>\n<p><strong>Model:<\/strong> Zeiss Conquest V4 4-16x44mm sigtekikkert med Target klikt\u00e5rn<strong><br \/>\n<\/strong><strong>Info:\u00a0<\/strong>Med Target klikt\u00e5rn samt ZMOA-2 sigte i 2. billedplan<br \/>\nForst\u00f8rrelse: 4-16x<br \/>\nObjektivdiameter: 44 mm<br \/>\nKlikv\u00e6rdi p\u00e5 100m\/0,7cm<br \/>\nSynsfelt p\u00e5 100 m: 4x\/9,5 m &#8211; 16x\/2,4 m<br \/>\nV\u00e6gt: 640 gram<br \/>\nL\u00e6ngde: 335 mm<br \/>\n30mm tubediameter<br \/>\n<strong>Pris:<\/strong>\u00a0<strong>7<\/strong><strong>.911,- kr. (g\u00e6ldende for 2019)<\/strong><\/p>\n<p><strong>Andre Zeiss sigtekikkert modeller kan tages hjem p\u00e5 bestilling.<br \/>\nLeverings tid p\u00e5 mellem 2-3 uger kan forventes. Sp\u00f8rg venligst i butikken. Tlf. +299 32 83 93<br \/>\n<\/strong><\/p>\n","protected":false},"excerpt":{"rendered":"<p>Model: Zeiss Conquest V6 2-12x50mm sigtekikkert med ASV klikt\u00e5rn Info:\u00a0Med ASV klikt\u00e5rn samt belyst sigte i 2. billedplan Forst\u00f8rrelse: 2-12x Objektivdiameter: 50 mm Klikv\u00e6rdi p\u00e5 100m\/1cm Synsfelt p\u00e5 100 m: 2x\/20,5 m &#8211; 12x\/3,4 m V\u00e6gt: 620 gram L\u00e6ngde: 335 mm 30mm tubediameter Pris:\u00a013.491,- kr. (g\u00e6ldende for 2019) Model: Zeiss Conquest V4 4-16x44mm sigtekikkert med [&hellip;]<\/p>\n","protected":false},"author":1,"featured_media":0,"parent":274,"menu_order":4,"comment_status":"closed","ping_status":"closed","template":"","meta":{"footnotes":"","_links_to":"","_links_to_target":""},"class_list":["post-297","page","type-page","status-publish","hentry"],"_links":{"self":[{"href":"http:\/\/www.orsiivik.gl\/index.php?rest_route=\/wp\/v2\/pages\/297","targetHints":{"allow":["GET"]}}],"collection":[{"href":"http:\/\/www.orsiivik.gl\/index.php?rest_route=\/wp\/v2\/pages"}],"about":[{"href":"http:\/\/www.orsiivik.gl\/index.php?rest_route=\/wp\/v2\/types\/page"}],"author":[{"embeddable":true,"href":"http:\/\/www.orsiivik.gl\/index.php?rest_route=\/wp\/v2\/users\/1"}],"replies":[{"embeddable":true,"href":"http:\/\/www.orsiivik.gl\/index.php?rest_route=%2Fwp%2Fv2%2Fcomments&post=297"}],"version-history":[{"count":19,"href":"http:\/\/www.orsiivik.gl\/index.php?rest_route=\/wp\/v2\/pages\/297\/revisions"}],"predecessor-version":[{"id":2941,"href":"http:\/\/www.orsiivik.gl\/index.php?rest_route=\/wp\/v2\/pages\/297\/revisions\/2941"}],"up":[{"embeddable":true,"href":"http:\/\/www.orsiivik.gl\/index.php?rest_route=\/wp\/v2\/pages\/274"}],"wp:attachment":[{"href":"http:\/\/www.orsiivik.gl\/index.php?rest_route=%2Fwp%2Fv2%2Fmedia&parent=297"}],"curies":[{"name":"wp","href":"https:\/\/api.w.org\/{rel}","templated":true}]}}