{"id":30,"date":"2010-12-13T13:37:13","date_gmt":"2010-12-13T13:37:13","guid":{"rendered":"http:\/\/www.orsiivik.gl\/?page_id=30"},"modified":"2016-11-10T18:35:52","modified_gmt":"2016-11-10T18:35:52","slug":"savage-rifler","status":"publish","type":"page","link":"http:\/\/www.orsiivik.gl\/?page_id=30","title":{"rendered":"Savage Rifler"},"content":{"rendered":"<p><strong>Bem\u00e6rk der tages forbehold for eventuelle pris\u00e6ndringer samt udsolgte varer.<\/strong><\/p>\n<p>&nbsp;<\/p>\n<p><strong>Model:<\/strong> Savage Edge<br \/>\n<strong>Info: <\/strong>Jagtriffel i cal. 223 Rem, 22-250 Rem &amp; 30-06 Sprg.<br \/>\n<strong>Pris:<\/strong> Sp\u00f8rg i butikken, email butik@orsiivik.gl eller p\u00e5 tlf. 32 83 93<br \/>\n<strong>Art: <\/strong>God begynder Jagtriffel, med korn og k\u00e6rv.<\/p>\n<p><a href=\"http:\/\/www.orsiivik.gl\/wp-content\/uploads\/2010\/12\/edge-tfb.png\"><img loading=\"lazy\" decoding=\"async\" class=\"alignnone size-full wp-image-398\" title=\"edge-tfb\" src=\"http:\/\/www.orsiivik.gl\/wp-content\/uploads\/2010\/12\/edge-tfb.png\" alt=\"\" width=\"900\" height=\"147\" srcset=\"http:\/\/www.orsiivik.gl\/wp-content\/uploads\/2010\/12\/edge-tfb.png 900w, http:\/\/www.orsiivik.gl\/wp-content\/uploads\/2010\/12\/edge-tfb-300x49.png 300w\" sizes=\"auto, (max-width: 900px) 100vw, 900px\" \/><\/a><\/p>\n","protected":false},"excerpt":{"rendered":"<p>Bem\u00e6rk der tages forbehold for eventuelle pris\u00e6ndringer samt udsolgte varer. &nbsp; Model: Savage Edge Info: Jagtriffel i cal. 223 Rem, 22-250 Rem &amp; 30-06 Sprg. Pris: Sp\u00f8rg i butikken, email butik@orsiivik.gl eller p\u00e5 tlf. 32 83 93 Art: God begynder Jagtriffel, med korn og k\u00e6rv.<\/p>\n","protected":false},"author":1,"featured_media":0,"parent":2,"menu_order":11,"comment_status":"closed","ping_status":"closed","template":"","meta":{"footnotes":"","_links_to":"","_links_to_target":""},"class_list":["post-30","page","type-page","status-publish","hentry"],"_links":{"self":[{"href":"http:\/\/www.orsiivik.gl\/index.php?rest_route=\/wp\/v2\/pages\/30","targetHints":{"allow":["GET"]}}],"collection":[{"href":"http:\/\/www.orsiivik.gl\/index.php?rest_route=\/wp\/v2\/pages"}],"about":[{"href":"http:\/\/www.orsiivik.gl\/index.php?rest_route=\/wp\/v2\/types\/page"}],"author":[{"embeddable":true,"href":"http:\/\/www.orsiivik.gl\/index.php?rest_route=\/wp\/v2\/users\/1"}],"replies":[{"embeddable":true,"href":"http:\/\/www.orsiivik.gl\/index.php?rest_route=%2Fwp%2Fv2%2Fcomments&post=30"}],"version-history":[{"count":20,"href":"http:\/\/www.orsiivik.gl\/index.php?rest_route=\/wp\/v2\/pages\/30\/revisions"}],"predecessor-version":[{"id":2848,"href":"http:\/\/www.orsiivik.gl\/index.php?rest_route=\/wp\/v2\/pages\/30\/revisions\/2848"}],"up":[{"embeddable":true,"href":"http:\/\/www.orsiivik.gl\/index.php?rest_route=\/wp\/v2\/pages\/2"}],"wp:attachment":[{"href":"http:\/\/www.orsiivik.gl\/index.php?rest_route=%2Fwp%2Fv2%2Fmedia&parent=30"}],"curies":[{"name":"wp","href":"https:\/\/api.w.org\/{rel}","templated":true}]}}