{"id":85,"date":"2010-12-13T14:51:16","date_gmt":"2010-12-13T14:51:16","guid":{"rendered":"http:\/\/www.orsiivik.gl\/?page_id=85"},"modified":"2016-11-10T18:34:14","modified_gmt":"2016-11-10T18:34:14","slug":"cz-rifler-2","status":"publish","type":"page","link":"http:\/\/www.orsiivik.gl\/?page_id=85","title":{"rendered":"CZ Rifler"},"content":{"rendered":"<p><strong>Her kan du se udvalget af vores Ceska Zbrojovka rifler:<br \/>\nBem\u00e6rk der tages forbehold for eventuelle pris\u00e6ndringer samt udsolgte varer.<br \/>\n<\/strong><\/p>\n<p><strong>Model:<\/strong> CZ 527 LUX<br \/>\n<strong>Info: <\/strong>Jagtriffel i .22 Hornet, 222 Rem, 223 Rem<br \/>\n<strong>Pris:<\/strong> Sp\u00f8rg i butikken, email butik@orsiivik.gl eller p\u00e5 tlf. 32 83 93<br \/>\n<strong>Art: <\/strong>Centerfire Riffel<\/p>\n<p><a href=\"http:\/\/www.orsiivik.gl\/wp-content\/uploads\/2010\/12\/cz_527_lux.jpg\"><img loading=\"lazy\" decoding=\"async\" class=\"alignnone size-full wp-image-102\" title=\"cz_527_lux\" src=\"http:\/\/www.orsiivik.gl\/wp-content\/uploads\/2010\/12\/cz_527_lux.jpg\" alt=\"\" width=\"450\" height=\"200\" srcset=\"http:\/\/www.orsiivik.gl\/wp-content\/uploads\/2010\/12\/cz_527_lux.jpg 450w, http:\/\/www.orsiivik.gl\/wp-content\/uploads\/2010\/12\/cz_527_lux-300x133.jpg 300w\" sizes=\"auto, (max-width: 450px) 100vw, 450px\" \/><\/a><\/p>\n<p><a href=\"http:\/\/www.orsiivik.gl\/wp-content\/uploads\/2010\/12\/spacer.png\"><img loading=\"lazy\" decoding=\"async\" class=\"alignnone size-full wp-image-61\" title=\"spacer\" src=\"http:\/\/www.orsiivik.gl\/wp-content\/uploads\/2010\/12\/spacer.png\" alt=\"\" width=\"1\" height=\"1\" \/><\/a><\/p>\n<hr \/>\n<p><a href=\"http:\/\/www.orsiivik.gl\/wp-content\/uploads\/2010\/12\/spacer.png\"><img loading=\"lazy\" decoding=\"async\" class=\"alignnone size-full wp-image-61\" title=\"spacer\" src=\"http:\/\/www.orsiivik.gl\/wp-content\/uploads\/2010\/12\/spacer.png\" alt=\"\" width=\"1\" height=\"1\" \/><\/a><\/p>\n<p>&nbsp;<\/p>\n<p><strong>Model:<\/strong> CZ 527 LH LUX<br \/>\n<strong>Info: <\/strong>Jagtriffel i cal. 223 REM<br \/>\n<strong>Pris:<\/strong> Sp\u00f8rg i butikken, email butik@orsiivik.gl eller p\u00e5 tlf. 32 83 93<br \/>\n&#8220;Bem\u00e6rk denne riffel er ikke en lagervare, forventet leveringstid er mellem 3-6 m\u00e5neder ved bestilling&#8221;<br \/>\n<strong>Art: <\/strong>Centerfire Riffel<\/p>\n<p><a href=\"http:\/\/www.orsiivik.gl\/wp-content\/uploads\/2010\/12\/cz_527_lh_lux.jpg\"><img loading=\"lazy\" decoding=\"async\" class=\"alignnone size-full wp-image-101\" title=\"cz_527_lh_lux\" src=\"http:\/\/www.orsiivik.gl\/wp-content\/uploads\/2010\/12\/cz_527_lh_lux.jpg\" alt=\"\" width=\"450\" height=\"200\" srcset=\"http:\/\/www.orsiivik.gl\/wp-content\/uploads\/2010\/12\/cz_527_lh_lux.jpg 450w, http:\/\/www.orsiivik.gl\/wp-content\/uploads\/2010\/12\/cz_527_lh_lux-300x133.jpg 300w\" sizes=\"auto, (max-width: 450px) 100vw, 450px\" \/><\/a><\/p>\n<p><a href=\"http:\/\/www.orsiivik.gl\/wp-content\/uploads\/2010\/12\/spacer.png\"><img loading=\"lazy\" decoding=\"async\" title=\"spacer\" src=\"http:\/\/www.orsiivik.gl\/wp-content\/uploads\/2010\/12\/spacer.png\" alt=\"\" width=\"1\" height=\"1\" \/><\/a><\/p>\n<hr \/>\n<p><a href=\"http:\/\/www.orsiivik.gl\/wp-content\/uploads\/2010\/12\/spacer.png\"><img loading=\"lazy\" decoding=\"async\" title=\"spacer\" src=\"http:\/\/www.orsiivik.gl\/wp-content\/uploads\/2010\/12\/spacer.png\" alt=\"\" width=\"1\" height=\"1\" \/><\/a><\/p>\n<p>&nbsp;<\/p>\n<p><strong>Model:<\/strong> CZ 527 FS<br \/>\n<strong>Info: <\/strong>Jagtriffel i cal. 222 Rem, 223 Rem<br \/>\n<strong>Pris:<\/strong> Sp\u00f8rg i butikken, email butik@orsiivik.gl eller p\u00e5 tlf. 32 83 93<br \/>\n<strong>Art: <\/strong>Centerfire Riffel<\/p>\n<p><a href=\"http:\/\/www.orsiivik.gl\/wp-content\/uploads\/2010\/12\/cz_527_fs.jpg\"><img loading=\"lazy\" decoding=\"async\" class=\"alignnone size-full wp-image-100\" title=\"cz_527_fs\" src=\"http:\/\/www.orsiivik.gl\/wp-content\/uploads\/2010\/12\/cz_527_fs.jpg\" alt=\"\" width=\"450\" height=\"200\" srcset=\"http:\/\/www.orsiivik.gl\/wp-content\/uploads\/2010\/12\/cz_527_fs.jpg 450w, http:\/\/www.orsiivik.gl\/wp-content\/uploads\/2010\/12\/cz_527_fs-300x133.jpg 300w\" sizes=\"auto, (max-width: 450px) 100vw, 450px\" \/><\/a><\/p>\n<p><a href=\"http:\/\/www.orsiivik.gl\/wp-content\/uploads\/2010\/12\/spacer.png\"><img loading=\"lazy\" decoding=\"async\" title=\"spacer\" src=\"http:\/\/www.orsiivik.gl\/wp-content\/uploads\/2010\/12\/spacer.png\" alt=\"\" width=\"1\" height=\"1\" \/><\/a><\/p>\n<hr \/>\n<p><a href=\"http:\/\/www.orsiivik.gl\/wp-content\/uploads\/2010\/12\/spacer.png\"><img loading=\"lazy\" decoding=\"async\" title=\"spacer\" src=\"http:\/\/www.orsiivik.gl\/wp-content\/uploads\/2010\/12\/spacer.png\" alt=\"\" width=\"1\" height=\"1\" \/><\/a><\/p>\n<p>&nbsp;<\/p>\n<p><strong>Model:<\/strong> CZ 527 CARBINE<br \/>\n<strong>Info: <\/strong>Jagtriffel i cal. 223 REM, 7,62&#215;39<br \/>\n<strong>Pris:<\/strong> Sp\u00f8rg i butikken, email butik@orsiivik.gl eller p\u00e5 tlf. 32 83 93<br \/>\n<strong>Art: <\/strong>Centerfire Riffel<\/p>\n<p><a href=\"http:\/\/www.orsiivik.gl\/wp-content\/uploads\/2010\/12\/CZ-527-CARBINE.jpg\"><img loading=\"lazy\" decoding=\"async\" class=\"alignnone size-full wp-image-88\" title=\"CZ 527 CARBINE\" src=\"http:\/\/www.orsiivik.gl\/wp-content\/uploads\/2010\/12\/CZ-527-CARBINE.jpg\" alt=\"\" width=\"450\" height=\"95\" srcset=\"http:\/\/www.orsiivik.gl\/wp-content\/uploads\/2010\/12\/CZ-527-CARBINE.jpg 450w, http:\/\/www.orsiivik.gl\/wp-content\/uploads\/2010\/12\/CZ-527-CARBINE-300x63.jpg 300w\" sizes=\"auto, (max-width: 450px) 100vw, 450px\" \/><\/a><\/p>\n<p><a href=\"http:\/\/www.orsiivik.gl\/wp-content\/uploads\/2010\/12\/spacer.png\"><img loading=\"lazy\" decoding=\"async\" title=\"spacer\" src=\"http:\/\/www.orsiivik.gl\/wp-content\/uploads\/2010\/12\/spacer.png\" alt=\"\" width=\"1\" height=\"1\" \/><\/a><\/p>\n<hr \/>\n<p><a href=\"http:\/\/www.orsiivik.gl\/wp-content\/uploads\/2010\/12\/spacer.png\"><img loading=\"lazy\" decoding=\"async\" title=\"spacer\" src=\"http:\/\/www.orsiivik.gl\/wp-content\/uploads\/2010\/12\/spacer.png\" alt=\"\" width=\"1\" height=\"1\" \/><\/a><\/p>\n<p>&nbsp;<\/p>\n<p><strong>Model:<\/strong> CZ 550 LUX<br \/>\n<strong>Info: <\/strong>Jagtriffel i cal. 22-250 Rem, .243 Win, 6,5x55SE, .308 Win, 30-06 Sprg.<br \/>\n<strong>Pris: <\/strong>Sp\u00f8rg i butikken, email butik@orsiivik.gl eller p\u00e5 tlf. 32 83 93<br \/>\n<strong>Art: <\/strong>Centerfire Riffel<\/p>\n<p><a href=\"http:\/\/www.orsiivik.gl\/wp-content\/uploads\/2010\/12\/cz_550_lux.jpg\"><img loading=\"lazy\" decoding=\"async\" class=\"alignnone size-full wp-image-104\" title=\"cz_550_lux\" src=\"http:\/\/www.orsiivik.gl\/wp-content\/uploads\/2010\/12\/cz_550_lux.jpg\" alt=\"\" width=\"450\" height=\"200\" srcset=\"http:\/\/www.orsiivik.gl\/wp-content\/uploads\/2010\/12\/cz_550_lux.jpg 450w, http:\/\/www.orsiivik.gl\/wp-content\/uploads\/2010\/12\/cz_550_lux-300x133.jpg 300w\" sizes=\"auto, (max-width: 450px) 100vw, 450px\" \/><\/a><\/p>\n<p><a href=\"http:\/\/www.orsiivik.gl\/wp-content\/uploads\/2010\/12\/spacer.png\"><img loading=\"lazy\" decoding=\"async\" title=\"spacer\" src=\"http:\/\/www.orsiivik.gl\/wp-content\/uploads\/2010\/12\/spacer.png\" alt=\"\" width=\"1\" height=\"1\" \/><\/a><\/p>\n<hr \/>\n<p><a href=\"http:\/\/www.orsiivik.gl\/wp-content\/uploads\/2010\/12\/spacer.png\"><img loading=\"lazy\" decoding=\"async\" title=\"spacer\" src=\"http:\/\/www.orsiivik.gl\/wp-content\/uploads\/2010\/12\/spacer.png\" alt=\"\" width=\"1\" height=\"1\" \/><\/a><\/p>\n<p><strong>Model:<\/strong> CZ 550 MAGNUM LUX<br \/>\n<strong>Info: <\/strong>Jagtriffel i cal. 375 HHM<br \/>\n<strong>Pris:<\/strong> Sp\u00f8rg i butikken, email butik@orsiivik.gl eller p\u00e5 tlf. 32 83 93<br \/>\n&#8220;Bem\u00e6rk denne riffel er ikke en lagervare, forventet leveringstid er mellem 3-6 m\u00e5neder ved bestilling&#8221;<br \/>\n<strong>Art: <\/strong>Centerfire Riffel<\/p>\n<p><a href=\"http:\/\/www.orsiivik.gl\/wp-content\/uploads\/2010\/12\/cz_550_magnum_lux.jpg\"><img loading=\"lazy\" decoding=\"async\" class=\"alignnone size-full wp-image-111\" title=\"cz_550_magnum_lux\" src=\"http:\/\/www.orsiivik.gl\/wp-content\/uploads\/2010\/12\/cz_550_magnum_lux.jpg\" alt=\"\" width=\"450\" height=\"200\" srcset=\"http:\/\/www.orsiivik.gl\/wp-content\/uploads\/2010\/12\/cz_550_magnum_lux.jpg 450w, http:\/\/www.orsiivik.gl\/wp-content\/uploads\/2010\/12\/cz_550_magnum_lux-300x133.jpg 300w\" sizes=\"auto, (max-width: 450px) 100vw, 450px\" \/><\/a><\/p>\n<p><a href=\"http:\/\/www.orsiivik.gl\/wp-content\/uploads\/2010\/12\/spacer.png\"><img loading=\"lazy\" decoding=\"async\" title=\"spacer\" src=\"http:\/\/www.orsiivik.gl\/wp-content\/uploads\/2010\/12\/spacer.png\" alt=\"\" width=\"1\" height=\"1\" \/><\/a><\/p>\n<hr \/>\n<p><a href=\"http:\/\/www.orsiivik.gl\/wp-content\/uploads\/2010\/12\/spacer.png\"><img loading=\"lazy\" decoding=\"async\" title=\"spacer\" src=\"http:\/\/www.orsiivik.gl\/wp-content\/uploads\/2010\/12\/spacer.png\" alt=\"\" width=\"1\" height=\"1\" \/><\/a><\/p>\n<p>&nbsp;<\/p>\n<p><strong>Model:<\/strong> CZ 550 SAFARI MAGNUM<br \/>\n<strong>Info: <\/strong>Jagtriffel i cal. 375 HHM<br \/>\n<strong>Pris:<\/strong> Sp\u00f8rg i butikken, email butik@orsiivik.gl eller p\u00e5 tlf. 32 83 93<br \/>\n&#8220;Bem\u00e6rk denne riffel er ikke en lagervare, forventet leveringstid er mellem 3-6 m\u00e5neder ved bestilling&#8221;<br \/>\n<strong>Art: <\/strong>Centerfire Riffel<\/p>\n<p><a href=\"http:\/\/www.orsiivik.gl\/wp-content\/uploads\/2010\/12\/cz_550_safari_magnum.jpg\"><img loading=\"lazy\" decoding=\"async\" class=\"alignnone size-full wp-image-108\" title=\"cz_550_safari_magnum\" src=\"http:\/\/www.orsiivik.gl\/wp-content\/uploads\/2010\/12\/cz_550_safari_magnum.jpg\" alt=\"\" width=\"450\" height=\"200\" srcset=\"http:\/\/www.orsiivik.gl\/wp-content\/uploads\/2010\/12\/cz_550_safari_magnum.jpg 450w, http:\/\/www.orsiivik.gl\/wp-content\/uploads\/2010\/12\/cz_550_safari_magnum-300x133.jpg 300w\" sizes=\"auto, (max-width: 450px) 100vw, 450px\" \/><\/a><\/p>\n<p><a href=\"http:\/\/www.orsiivik.gl\/wp-content\/uploads\/2010\/12\/spacer.png\"><img loading=\"lazy\" decoding=\"async\" title=\"spacer\" src=\"http:\/\/www.orsiivik.gl\/wp-content\/uploads\/2010\/12\/spacer.png\" alt=\"\" width=\"1\" height=\"1\" \/><\/a><\/p>\n<hr \/>\n<p><a href=\"http:\/\/www.orsiivik.gl\/wp-content\/uploads\/2010\/12\/spacer.png\"><img loading=\"lazy\" decoding=\"async\" title=\"spacer\" src=\"http:\/\/www.orsiivik.gl\/wp-content\/uploads\/2010\/12\/spacer.png\" alt=\"\" width=\"1\" height=\"1\" \/><\/a><\/p>\n<p>&nbsp;<\/p>\n<p><strong>Model:<\/strong> ZKM 452 SCOUT<br \/>\n<strong>Info: <\/strong>Jagtriffel i cal. 22 LR<br \/>\n<strong>Pris:<\/strong> Sp\u00f8rg i butikken, email butik@orsiivik.gl eller p\u00e5 tlf. 32 83 93<br \/>\n<strong>Art: <\/strong>Rimfire Riffel<\/p>\n<p><a href=\"http:\/\/www.orsiivik.gl\/wp-content\/uploads\/2010\/12\/cz_452_scout.jpg\"><img loading=\"lazy\" decoding=\"async\" class=\"alignnone size-full wp-image-98\" title=\"cz_452_scout\" src=\"http:\/\/www.orsiivik.gl\/wp-content\/uploads\/2010\/12\/cz_452_scout.jpg\" alt=\"\" width=\"450\" height=\"200\" srcset=\"http:\/\/www.orsiivik.gl\/wp-content\/uploads\/2010\/12\/cz_452_scout.jpg 450w, http:\/\/www.orsiivik.gl\/wp-content\/uploads\/2010\/12\/cz_452_scout-300x133.jpg 300w\" sizes=\"auto, (max-width: 450px) 100vw, 450px\" \/><\/a><\/p>\n<p><a href=\"http:\/\/www.orsiivik.gl\/wp-content\/uploads\/2010\/12\/spacer.png\"><img loading=\"lazy\" decoding=\"async\" title=\"spacer\" src=\"http:\/\/www.orsiivik.gl\/wp-content\/uploads\/2010\/12\/spacer.png\" alt=\"\" width=\"1\" height=\"1\" \/><\/a><\/p>\n<hr \/>\n<p><a href=\"http:\/\/www.orsiivik.gl\/wp-content\/uploads\/2010\/12\/spacer.png\"><img loading=\"lazy\" decoding=\"async\" title=\"spacer\" src=\"http:\/\/www.orsiivik.gl\/wp-content\/uploads\/2010\/12\/spacer.png\" alt=\"\" width=\"1\" height=\"1\" \/><\/a><\/p>\n<p>&nbsp;<\/p>\n<p><strong>Model:<\/strong> CZ 452-2E ZKM STANDARD<br \/>\n<strong>Info: <\/strong>Jagtriffel i cal. 22 LR, 22 WMR<br \/>\n<strong>Pris:<\/strong> Sp\u00f8rg i butikken, email butik@orsiivik.gl eller p\u00e5 tlf. 32 83 93<br \/>\n<strong>Art: <\/strong>Rimfire Riffel<\/p>\n<p><a href=\"http:\/\/www.orsiivik.gl\/wp-content\/uploads\/2010\/12\/cz_252-2e_zkm_standard.jpg\"><img loading=\"lazy\" decoding=\"async\" class=\"alignnone size-full wp-image-95\" title=\"cz_252-2e_zkm_standard\" src=\"http:\/\/www.orsiivik.gl\/wp-content\/uploads\/2010\/12\/cz_252-2e_zkm_standard.jpg\" alt=\"\" width=\"450\" height=\"200\" srcset=\"http:\/\/www.orsiivik.gl\/wp-content\/uploads\/2010\/12\/cz_252-2e_zkm_standard.jpg 450w, http:\/\/www.orsiivik.gl\/wp-content\/uploads\/2010\/12\/cz_252-2e_zkm_standard-300x133.jpg 300w\" sizes=\"auto, (max-width: 450px) 100vw, 450px\" \/><\/a><\/p>\n<p><a href=\"http:\/\/www.orsiivik.gl\/wp-content\/uploads\/2010\/12\/spacer.png\"><img loading=\"lazy\" decoding=\"async\" title=\"spacer\" src=\"http:\/\/www.orsiivik.gl\/wp-content\/uploads\/2010\/12\/spacer.png\" alt=\"\" width=\"1\" height=\"1\" \/><\/a><\/p>\n<hr \/>\n<p><a href=\"http:\/\/www.orsiivik.gl\/wp-content\/uploads\/2010\/12\/spacer.png\"><img loading=\"lazy\" decoding=\"async\" title=\"spacer\" src=\"http:\/\/www.orsiivik.gl\/wp-content\/uploads\/2010\/12\/spacer.png\" alt=\"\" width=\"1\" height=\"1\" \/><\/a><\/p>\n<p>&nbsp;<\/p>\n<p><strong>Model:<\/strong> CZ 452-2E ZKM LUX<br \/>\n<strong>Info: <\/strong>Jagtriffel i cal. 22 LR, 22 WMR<br \/>\n<strong>Pris:<\/strong> Sp\u00f8rg i butikken, email butik@orsiivik.gl eller p\u00e5 tlf. 32 83 93<br \/>\n<strong>Art: <\/strong>Rimfire Riffel<\/p>\n<p><img loading=\"lazy\" decoding=\"async\" class=\"alignnone size-full wp-image-93\" title=\"cz_252-2e_zkm_lux\" src=\"http:\/\/www.orsiivik.gl\/wp-content\/uploads\/2010\/12\/cz_252-2e_zkm_lux.jpg\" alt=\"\" width=\"450\" height=\"200\" srcset=\"http:\/\/www.orsiivik.gl\/wp-content\/uploads\/2010\/12\/cz_252-2e_zkm_lux.jpg 450w, http:\/\/www.orsiivik.gl\/wp-content\/uploads\/2010\/12\/cz_252-2e_zkm_lux-300x133.jpg 300w\" sizes=\"auto, (max-width: 450px) 100vw, 450px\" \/><\/p>\n<p><a href=\"http:\/\/www.orsiivik.gl\/wp-content\/uploads\/2010\/12\/spacer.png\"><img loading=\"lazy\" decoding=\"async\" title=\"spacer\" src=\"http:\/\/www.orsiivik.gl\/wp-content\/uploads\/2010\/12\/spacer.png\" alt=\"\" width=\"1\" height=\"1\" \/><\/a><\/p>\n<hr \/>\n<p><a href=\"http:\/\/www.orsiivik.gl\/wp-content\/uploads\/2010\/12\/spacer.png\"><img loading=\"lazy\" decoding=\"async\" title=\"spacer\" src=\"http:\/\/www.orsiivik.gl\/wp-content\/uploads\/2010\/12\/spacer.png\" alt=\"\" width=\"1\" height=\"1\" \/><\/a><\/p>\n<p><a href=\"http:\/\/www.orsiivik.gl\/wp-content\/uploads\/2010\/12\/spacer.png\"><img loading=\"lazy\" decoding=\"async\" title=\"spacer\" src=\"http:\/\/www.orsiivik.gl\/wp-content\/uploads\/2010\/12\/spacer.png\" alt=\"\" width=\"1\" height=\"1\" \/><\/a><strong>Model:<\/strong> CZ 452-2E ZKM FS<br \/>\n<strong>Info: <\/strong>Jagtriffel i cal. 22 LR, 17 HMR, 22 WMR<br \/>\n<strong>Pris:<\/strong> Sp\u00f8rg i butikken, email butik@orsiivik.gl eller p\u00e5 tlf. 32 83 93<br \/>\n&#8220;Bem\u00e6rk denne riffel er ikke en lagervare, forventet leveringstid er mellem 3-6 m\u00e5neder ved bestilling&#8221;<br \/>\n<strong>Art: <\/strong>Rimfire Riffel<\/p>\n<p><a href=\"http:\/\/www.orsiivik.gl\/wp-content\/uploads\/2010\/12\/cz_252-2e_zkm_fs.jpg\"><img loading=\"lazy\" decoding=\"async\" class=\"alignnone size-full wp-image-91\" title=\"cz_252-2e_zkm_fs\" src=\"http:\/\/www.orsiivik.gl\/wp-content\/uploads\/2010\/12\/cz_252-2e_zkm_fs.jpg\" alt=\"\" width=\"450\" height=\"200\" srcset=\"http:\/\/www.orsiivik.gl\/wp-content\/uploads\/2010\/12\/cz_252-2e_zkm_fs.jpg 450w, http:\/\/www.orsiivik.gl\/wp-content\/uploads\/2010\/12\/cz_252-2e_zkm_fs-300x133.jpg 300w\" sizes=\"auto, (max-width: 450px) 100vw, 450px\" \/><\/a><\/p>\n<p><a href=\"http:\/\/www.orsiivik.gl\/wp-content\/uploads\/2010\/12\/spacer.png\"><img loading=\"lazy\" decoding=\"async\" title=\"spacer\" src=\"http:\/\/www.orsiivik.gl\/wp-content\/uploads\/2010\/12\/spacer.png\" alt=\"\" width=\"1\" height=\"1\" \/><\/a><\/p>\n<p><a href=\"http:\/\/www.orsiivik.gl\/wp-content\/uploads\/2010\/12\/spacer.png\"><img loading=\"lazy\" decoding=\"async\" title=\"spacer\" src=\"http:\/\/www.orsiivik.gl\/wp-content\/uploads\/2010\/12\/spacer.png\" alt=\"\" width=\"1\" height=\"1\" \/><\/a><\/p>\n<hr \/>\n<p><a href=\"http:\/\/www.orsiivik.gl\/wp-content\/uploads\/2010\/12\/spacer.png\"><img loading=\"lazy\" decoding=\"async\" title=\"spacer\" src=\"http:\/\/www.orsiivik.gl\/wp-content\/uploads\/2010\/12\/spacer.png\" alt=\"\" width=\"1\" height=\"1\" \/><\/a><\/p>\n<p>&nbsp;<\/p>\n<p><strong>Model:<\/strong> CZ 254-2E ZKM SILHOUETTE P-H<br \/>\n<strong>Info: <\/strong>Jagtriffel i cal. 17 HMR, uden sigtemiddel<br \/>\n<strong>Pris:<\/strong> Sp\u00f8rg i butikken, email butik@orsiivik.gl eller p\u00e5 tlf. 32 83 93<br \/>\n&#8220;Bem\u00e6rk denne riffel er ikke en lagervare, forventet leveringstid er mellem 3-6 m\u00e5neder&#8221;<br \/>\n<strong>Art: <\/strong>Rimfire Riffel<\/p>\n<p><a href=\"http:\/\/www.orsiivik.gl\/wp-content\/uploads\/2010\/12\/cz_252-2e_zkm_silhouette.jpg\"><img loading=\"lazy\" decoding=\"async\" class=\"alignnone size-full wp-image-94\" title=\"cz_252-2e_zkm_silhouette\" src=\"http:\/\/www.orsiivik.gl\/wp-content\/uploads\/2010\/12\/cz_252-2e_zkm_silhouette.jpg\" alt=\"\" width=\"450\" height=\"200\" srcset=\"http:\/\/www.orsiivik.gl\/wp-content\/uploads\/2010\/12\/cz_252-2e_zkm_silhouette.jpg 450w, http:\/\/www.orsiivik.gl\/wp-content\/uploads\/2010\/12\/cz_252-2e_zkm_silhouette-300x133.jpg 300w\" sizes=\"auto, (max-width: 450px) 100vw, 450px\" \/><\/a><\/p>\n<p><a href=\"http:\/\/www.orsiivik.gl\/wp-content\/uploads\/2010\/12\/spacer.png\"><img loading=\"lazy\" decoding=\"async\" title=\"spacer\" src=\"http:\/\/www.orsiivik.gl\/wp-content\/uploads\/2010\/12\/spacer.png\" alt=\"\" width=\"1\" height=\"1\" \/><\/a><\/p>\n<hr \/>\n<p><a href=\"http:\/\/www.orsiivik.gl\/wp-content\/uploads\/2010\/12\/spacer.png\"><img loading=\"lazy\" decoding=\"async\" title=\"spacer\" src=\"http:\/\/www.orsiivik.gl\/wp-content\/uploads\/2010\/12\/spacer.png\" alt=\"\" width=\"1\" height=\"1\" \/><\/a><\/p>\n<p>&nbsp;<\/p>\n<p><strong>Model:<\/strong> CZ 253 LUX<br \/>\n<strong>Info: <\/strong>Jagtriffel i cal. 22 LR<br \/>\n<strong>Pris:<\/strong> Sp\u00f8rg i butikken, email butik@orsiivik.gl eller p\u00e5 tlf. 32 83 93<br \/>\n&#8220;Bem\u00e6rk denne riffel er ikke en lagervare, forventet leveringstid er mellem 3-6 m\u00e5neder&#8221;<br \/>\n<strong>Art: <\/strong>Rimfire Riffel<\/p>\n<p><a href=\"http:\/\/www.orsiivik.gl\/wp-content\/uploads\/2010\/12\/cz_253_lux.jpg\"><img loading=\"lazy\" decoding=\"async\" class=\"alignnone size-full wp-image-97\" title=\"cz_253_lux\" src=\"http:\/\/www.orsiivik.gl\/wp-content\/uploads\/2010\/12\/cz_253_lux.jpg\" alt=\"\" width=\"450\" height=\"200\" srcset=\"http:\/\/www.orsiivik.gl\/wp-content\/uploads\/2010\/12\/cz_253_lux.jpg 450w, http:\/\/www.orsiivik.gl\/wp-content\/uploads\/2010\/12\/cz_253_lux-300x133.jpg 300w\" sizes=\"auto, (max-width: 450px) 100vw, 450px\" \/><\/a><\/p>\n<p><a href=\"http:\/\/www.orsiivik.gl\/wp-content\/uploads\/2010\/12\/spacer.png\"><img loading=\"lazy\" decoding=\"async\" title=\"spacer\" src=\"http:\/\/www.orsiivik.gl\/wp-content\/uploads\/2010\/12\/spacer.png\" alt=\"\" width=\"1\" height=\"1\" \/><\/a><\/p>\n<hr \/>\n<p><a href=\"http:\/\/www.orsiivik.gl\/wp-content\/uploads\/2010\/12\/spacer.png\"><img loading=\"lazy\" decoding=\"async\" title=\"spacer\" src=\"http:\/\/www.orsiivik.gl\/wp-content\/uploads\/2010\/12\/spacer.png\" alt=\"\" width=\"1\" height=\"1\" \/><\/a><\/p>\n<p>&nbsp;<\/p>\n<p><strong>Model:<\/strong> CZ 253 AMERICAN<br \/>\n<strong>Info: <\/strong>Jagtriffel i cal. 17 HMR uden sigtemiddel<br \/>\n<strong>Pris:<\/strong> Sp\u00f8rg i butikken, email butik@orsiivik.gl eller p\u00e5 tlf. 32 83 93<br \/>\n&#8220;Bem\u00e6rk denne riffel er ikke en lagervare, forventet leveringstid er mellem 3-6 m\u00e5neder&#8221;<br \/>\n<strong>Art: <\/strong>Rimfire Riffel<\/p>\n<p><a href=\"http:\/\/www.orsiivik.gl\/wp-content\/uploads\/2010\/12\/cz_253_american.jpg\"><img loading=\"lazy\" decoding=\"async\" class=\"alignnone size-full wp-image-96\" title=\"cz_253_american\" src=\"http:\/\/www.orsiivik.gl\/wp-content\/uploads\/2010\/12\/cz_253_american.jpg\" alt=\"\" width=\"450\" height=\"200\" srcset=\"http:\/\/www.orsiivik.gl\/wp-content\/uploads\/2010\/12\/cz_253_american.jpg 450w, http:\/\/www.orsiivik.gl\/wp-content\/uploads\/2010\/12\/cz_253_american-300x133.jpg 300w\" sizes=\"auto, (max-width: 450px) 100vw, 450px\" \/><\/a><\/p>\n","protected":false},"excerpt":{"rendered":"<p>Her kan du se udvalget af vores Ceska Zbrojovka rifler: Bem\u00e6rk der tages forbehold for eventuelle pris\u00e6ndringer samt udsolgte varer. Model: CZ 527 LUX Info: Jagtriffel i .22 Hornet, 222 Rem, 223 Rem Pris: Sp\u00f8rg i butikken, email butik@orsiivik.gl eller p\u00e5 tlf. 32 83 93 Art: Centerfire Riffel &nbsp; Model: CZ 527 LH LUX Info: [&hellip;]<\/p>\n","protected":false},"author":1,"featured_media":0,"parent":2,"menu_order":10,"comment_status":"closed","ping_status":"closed","template":"","meta":{"footnotes":"","_links_to":"","_links_to_target":""},"class_list":["post-85","page","type-page","status-publish","hentry"],"_links":{"self":[{"href":"http:\/\/www.orsiivik.gl\/index.php?rest_route=\/wp\/v2\/pages\/85","targetHints":{"allow":["GET"]}}],"collection":[{"href":"http:\/\/www.orsiivik.gl\/index.php?rest_route=\/wp\/v2\/pages"}],"about":[{"href":"http:\/\/www.orsiivik.gl\/index.php?rest_route=\/wp\/v2\/types\/page"}],"author":[{"embeddable":true,"href":"http:\/\/www.orsiivik.gl\/index.php?rest_route=\/wp\/v2\/users\/1"}],"replies":[{"embeddable":true,"href":"http:\/\/www.orsiivik.gl\/index.php?rest_route=%2Fwp%2Fv2%2Fcomments&post=85"}],"version-history":[{"count":18,"href":"http:\/\/www.orsiivik.gl\/index.php?rest_route=\/wp\/v2\/pages\/85\/revisions"}],"predecessor-version":[{"id":2844,"href":"http:\/\/www.orsiivik.gl\/index.php?rest_route=\/wp\/v2\/pages\/85\/revisions\/2844"}],"up":[{"embeddable":true,"href":"http:\/\/www.orsiivik.gl\/index.php?rest_route=\/wp\/v2\/pages\/2"}],"wp:attachment":[{"href":"http:\/\/www.orsiivik.gl\/index.php?rest_route=%2Fwp%2Fv2%2Fmedia&parent=85"}],"curies":[{"name":"wp","href":"https:\/\/api.w.org\/{rel}","templated":true}]}}