{"id":1024,"date":"2011-05-10T19:08:16","date_gmt":"2011-05-10T19:08:16","guid":{"rendered":"http:\/\/www.orsiivik.gl\/?page_id=1024"},"modified":"2017-11-17T12:29:11","modified_gmt":"2017-11-17T12:29:11","slug":"forside","status":"publish","type":"page","link":"https:\/\/www.orsiivik.gl\/?page_id=1024","title":{"rendered":"Forside"},"content":{"rendered":"<p><img loading=\"lazy\" decoding=\"async\" class=\"alignnone size-medium wp-image-18\" src=\"http:\/\/www.orsiivik.gl\/wp-content\/uploads\/2010\/12\/doegn-aaben-tank-240x300.png\" alt=\"\" width=\"240\" height=\"300\" srcset=\"https:\/\/www.orsiivik.gl\/wp-content\/uploads\/2010\/12\/doegn-aaben-tank-240x300.png 240w, https:\/\/www.orsiivik.gl\/wp-content\/uploads\/2010\/12\/doegn-aaben-tank.png 400w\" sizes=\"auto, (max-width: 240px) 100vw, 240px\" \/><img loading=\"lazy\" decoding=\"async\" class=\"alignnone size-medium wp-image-17\" src=\"http:\/\/www.orsiivik.gl\/wp-content\/uploads\/2010\/12\/alt-til-jagt-240x300.png\" alt=\"\" width=\"240\" height=\"300\" srcset=\"https:\/\/www.orsiivik.gl\/wp-content\/uploads\/2010\/12\/alt-til-jagt-240x300.png 240w, https:\/\/www.orsiivik.gl\/wp-content\/uploads\/2010\/12\/alt-til-jagt.png 400w\" sizes=\"auto, (max-width: 240px) 100vw, 240px\" \/><\/p>\n<p><strong>Orsiivik Tankkiosk \u00e5bningstider (Vinter\u00e5bningstid 15 November til 01 April):<\/strong><br \/>\nMandag\u00a0&#8211; Fredag 0800-1700, L\u00f8rdag &amp; S\u00f8ndag 0800-1600<br \/>\nBem\u00e6rk at vi har \u00e5bent p\u00e5 alle helligdage i samme tidsrum.<\/p>\n<p><strong>Orsiivik Marine Center \u00e5bningstider:<\/strong><br \/>\nMandag &#8211; Fredag 0800-1200 1300-1700, L\u00f8r-S\u00f8ndag lukket (Middagslukket 1200-1300)<\/p>\n<p>Vi er i fuld gang med at opdatere vores hjemmeside med et nyt design og funktioner.<\/p>\n<p>Vi s\u00e6tter l\u00f8bende nyheder om nye produkter, tilbud m.m. p\u00e5 hjemmesiden og du kan f.x.<br \/>\nse aktuelle avistilbud i menuen s\u00e5 er du altid med!<\/p>\n<p><img decoding=\"async\" src=\"http:\/\/t1.gstatic.com\/images?q=tbn:ANd9GcR6wHg1Z0MygozH_Go0CoCkq3NQvfJwme03D7kxyaka4Smnr_t_\" alt=\"\" \/><\/p>\n<h1><span style=\"color: #999999;\">Find gode tilbud p\u00e5 vores Facebook profil!<\/span><\/h1>\n<h1><span style=\"color: #999999;\">Neqeroorutigut malernaaffigikkit \u00a0Facebook-ikkut!<\/span><\/h1>\n<hr \/>\n<p>&nbsp;<\/p>\n<p>&nbsp;<\/p>\n<p>&nbsp;<\/p>\n","protected":false},"excerpt":{"rendered":"<p>Orsiivik Tankkiosk \u00e5bningstider (Vinter\u00e5bningstid 15 November til 01 April): Mandag\u00a0&#8211; Fredag 0800-1700, L\u00f8rdag &amp; S\u00f8ndag 0800-1600 Bem\u00e6rk at vi har \u00e5bent p\u00e5 alle helligdage i samme tidsrum. Orsiivik Marine Center \u00e5bningstider: Mandag &#8211; Fredag 0800-1200 1300-1700, L\u00f8r-S\u00f8ndag lukket (Middagslukket 1200-1300) Vi er i fuld gang med at opdatere vores hjemmeside med et nyt design og [&hellip;]<\/p>\n","protected":false},"author":1,"featured_media":1229,"parent":0,"menu_order":0,"comment_status":"closed","ping_status":"closed","template":"","meta":{"footnotes":"","_links_to":"","_links_to_target":""},"class_list":["post-1024","page","type-page","status-publish","has-post-thumbnail","hentry"],"_links":{"self":[{"href":"https:\/\/www.orsiivik.gl\/index.php?rest_route=\/wp\/v2\/pages\/1024","targetHints":{"allow":["GET"]}}],"collection":[{"href":"https:\/\/www.orsiivik.gl\/index.php?rest_route=\/wp\/v2\/pages"}],"about":[{"href":"https:\/\/www.orsiivik.gl\/index.php?rest_route=\/wp\/v2\/types\/page"}],"author":[{"embeddable":true,"href":"https:\/\/www.orsiivik.gl\/index.php?rest_route=\/wp\/v2\/users\/1"}],"replies":[{"embeddable":true,"href":"https:\/\/www.orsiivik.gl\/index.php?rest_route=%2Fwp%2Fv2%2Fcomments&post=1024"}],"version-history":[{"count":83,"href":"https:\/\/www.orsiivik.gl\/index.php?rest_route=\/wp\/v2\/pages\/1024\/revisions"}],"predecessor-version":[{"id":2898,"href":"https:\/\/www.orsiivik.gl\/index.php?rest_route=\/wp\/v2\/pages\/1024\/revisions\/2898"}],"wp:featuredmedia":[{"embeddable":true,"href":"https:\/\/www.orsiivik.gl\/index.php?rest_route=\/wp\/v2\/media\/1229"}],"wp:attachment":[{"href":"https:\/\/www.orsiivik.gl\/index.php?rest_route=%2Fwp%2Fv2%2Fmedia&parent=1024"}],"curies":[{"name":"wp","href":"https:\/\/api.w.org\/{rel}","templated":true}]}}