{"id":11,"date":"2010-12-10T17:08:35","date_gmt":"2010-12-10T17:08:35","guid":{"rendered":"http:\/\/www.orsiivik.gl\/?page_id=11"},"modified":"2014-05-07T17:20:48","modified_gmt":"2014-05-07T17:20:48","slug":"ovne","status":"publish","type":"page","link":"https:\/\/www.orsiivik.gl\/?page_id=11","title":{"rendered":"Outdoor"},"content":{"rendered":"<p>-Br\u00e6ndere og kogegrej<br \/>\n<a href=\"http:\/\/www.orsiivik.gl\/?page_id=1053\"><img loading=\"lazy\" decoding=\"async\" class=\"alignnone size-full wp-image-1047\" title=\"primus\" src=\"http:\/\/www.orsiivik.gl\/wp-content\/uploads\/2010\/12\/primus.jpg\" alt=\"\" width=\"424\" height=\"283\" srcset=\"https:\/\/www.orsiivik.gl\/wp-content\/uploads\/2010\/12\/primus.jpg 424w, https:\/\/www.orsiivik.gl\/wp-content\/uploads\/2010\/12\/primus-300x200.jpg 300w\" sizes=\"auto, (max-width: 424px) 100vw, 424px\" \/><\/a><br \/>\n-Refleksovne<br \/>\n<a href=\"http:\/\/www.orsiivik.gl\/?page_id=1055\"><img loading=\"lazy\" decoding=\"async\" class=\"alignnone size-full wp-image-1048\" title=\"refleks\" src=\"http:\/\/www.orsiivik.gl\/wp-content\/uploads\/2010\/12\/refleks.jpg\" alt=\"\" width=\"424\" height=\"283\" srcset=\"https:\/\/www.orsiivik.gl\/wp-content\/uploads\/2010\/12\/refleks.jpg 424w, https:\/\/www.orsiivik.gl\/wp-content\/uploads\/2010\/12\/refleks-300x200.jpg 300w\" sizes=\"auto, (max-width: 424px) 100vw, 424px\" \/><\/a><br \/>\n-Camping udstyr<br \/>\n<a href=\"http:\/\/www.orsiivik.gl\/?page_id=1057\"><img loading=\"lazy\" decoding=\"async\" class=\"alignnone size-full wp-image-1050\" title=\"camping-div\" src=\"http:\/\/www.orsiivik.gl\/wp-content\/uploads\/2010\/12\/camping-div.jpg\" alt=\"\" width=\"424\" height=\"283\" srcset=\"https:\/\/www.orsiivik.gl\/wp-content\/uploads\/2010\/12\/camping-div.jpg 424w, https:\/\/www.orsiivik.gl\/wp-content\/uploads\/2010\/12\/camping-div-300x200.jpg 300w\" sizes=\"auto, (max-width: 424px) 100vw, 424px\" \/><\/a><br \/>\n-B\u00e5d og Jolletilbeh\u00f8r<br \/>\n<a href=\"http:\/\/www.orsiivik.gl\/?page_id=1059\"><img loading=\"lazy\" decoding=\"async\" class=\"alignnone size-full wp-image-1049\" title=\"tov\" src=\"http:\/\/www.orsiivik.gl\/wp-content\/uploads\/2010\/12\/tov.jpg\" alt=\"\" width=\"424\" height=\"283\" srcset=\"https:\/\/www.orsiivik.gl\/wp-content\/uploads\/2010\/12\/tov.jpg 424w, https:\/\/www.orsiivik.gl\/wp-content\/uploads\/2010\/12\/tov-300x200.jpg 300w\" sizes=\"auto, (max-width: 424px) 100vw, 424px\" \/><\/a><\/p>\n<p>&nbsp;<\/p>\n","protected":false},"excerpt":{"rendered":"<p>-Br\u00e6ndere og kogegrej -Refleksovne -Camping udstyr -B\u00e5d og Jolletilbeh\u00f8r &nbsp;<\/p>\n","protected":false},"author":1,"featured_media":1249,"parent":2445,"menu_order":5,"comment_status":"closed","ping_status":"closed","template":"","meta":{"footnotes":"","_links_to":"","_links_to_target":""},"class_list":["post-11","page","type-page","status-publish","has-post-thumbnail","hentry"],"_links":{"self":[{"href":"https:\/\/www.orsiivik.gl\/index.php?rest_route=\/wp\/v2\/pages\/11","targetHints":{"allow":["GET"]}}],"collection":[{"href":"https:\/\/www.orsiivik.gl\/index.php?rest_route=\/wp\/v2\/pages"}],"about":[{"href":"https:\/\/www.orsiivik.gl\/index.php?rest_route=\/wp\/v2\/types\/page"}],"author":[{"embeddable":true,"href":"https:\/\/www.orsiivik.gl\/index.php?rest_route=\/wp\/v2\/users\/1"}],"replies":[{"embeddable":true,"href":"https:\/\/www.orsiivik.gl\/index.php?rest_route=%2Fwp%2Fv2%2Fcomments&post=11"}],"version-history":[{"count":18,"href":"https:\/\/www.orsiivik.gl\/index.php?rest_route=\/wp\/v2\/pages\/11\/revisions"}],"predecessor-version":[{"id":2451,"href":"https:\/\/www.orsiivik.gl\/index.php?rest_route=\/wp\/v2\/pages\/11\/revisions\/2451"}],"up":[{"embeddable":true,"href":"https:\/\/www.orsiivik.gl\/index.php?rest_route=\/wp\/v2\/pages\/2445"}],"wp:featuredmedia":[{"embeddable":true,"href":"https:\/\/www.orsiivik.gl\/index.php?rest_route=\/wp\/v2\/media\/1249"}],"wp:attachment":[{"href":"https:\/\/www.orsiivik.gl\/index.php?rest_route=%2Fwp%2Fv2%2Fmedia&parent=11"}],"curies":[{"name":"wp","href":"https:\/\/api.w.org\/{rel}","templated":true}]}}