{"id":2,"date":"2010-12-10T16:57:51","date_gmt":"2010-12-10T16:57:51","guid":{"rendered":"http:\/\/www.orsiivik.gl\/?page_id=2"},"modified":"2016-12-14T14:01:42","modified_gmt":"2016-12-14T14:01:42","slug":"om","status":"publish","type":"page","link":"https:\/\/www.orsiivik.gl\/?page_id=2","title":{"rendered":"Rifler"},"content":{"rendered":"<p>Orsiivik er leverand\u00f8r p\u00e5 f\u00f8lgende riffelm\u00e6rker: (klik p\u00e5 logoerne for at se udvalg)<\/p>\n<p>.<\/p>\n<p>Winchester:<\/p>\n<p><a href=\"http:\/\/www.orsiivik.gl\/?page_id=1383\"><img loading=\"lazy\" decoding=\"async\" class=\"alignnone size-full wp-image-1377\" title=\"winchester\" src=\"http:\/\/www.orsiivik.gl\/wp-content\/uploads\/2010\/12\/winchester.jpg\" alt=\"\" width=\"413\" height=\"142\" srcset=\"https:\/\/www.orsiivik.gl\/wp-content\/uploads\/2010\/12\/winchester.jpg 413w, https:\/\/www.orsiivik.gl\/wp-content\/uploads\/2010\/12\/winchester-300x103.jpg 300w\" sizes=\"auto, (max-width: 413px) 100vw, 413px\" \/><\/a><\/p>\n<p><span style=\"color: #000000;\">.<\/span><\/p>\n<p>Steyr-Mannlicher:<\/p>\n<p><a href=\"http:\/\/www.orsiivik.gl\/?page_id=32\"><img loading=\"lazy\" decoding=\"async\" title=\"steyr-m logo\" src=\"http:\/\/www.orsiivik.gl\/wp-content\/uploads\/2010\/12\/steyr-m-logo.png\" alt=\"\" width=\"413\" height=\"142\" \/><\/a><\/p>\n<p><span style=\"color: #000000;\">.<\/span><\/p>\n<p>Schultz &amp; Larsen:<\/p>\n<p><a href=\"http:\/\/www.orsiivik.gl\/?page_id=1283\"><img loading=\"lazy\" decoding=\"async\" class=\"alignnone size-full wp-image-1307\" title=\"schultz&amp;Larsen\" src=\"http:\/\/www.orsiivik.gl\/wp-content\/uploads\/2010\/12\/schultzLarsen.jpg\" alt=\"\" width=\"413\" height=\"142\" srcset=\"https:\/\/www.orsiivik.gl\/wp-content\/uploads\/2010\/12\/schultzLarsen.jpg 413w, https:\/\/www.orsiivik.gl\/wp-content\/uploads\/2010\/12\/schultzLarsen-300x103.jpg 300w\" sizes=\"auto, (max-width: 413px) 100vw, 413px\" \/><\/a><\/p>\n<p><span style=\"color: #000000;\">.<\/span><\/p>\n<p>Remington:<\/p>\n<p><a href=\"http:\/\/www.orsiivik.gl\/?page_id=256\"><img loading=\"lazy\" decoding=\"async\" title=\"2Reminton\" src=\"http:\/\/www.orsiivik.gl\/wp-content\/uploads\/2010\/12\/2Reminton.jpg\" alt=\"\" width=\"413\" height=\"142\" \/><\/a><\/p>\n<p><span style=\"color: #000000;\">.<\/span><\/p>\n<p>Marlin:<\/p>\n<p><a href=\"http:\/\/www.orsiivik.gl\/?page_id=331\"><img loading=\"lazy\" decoding=\"async\" title=\"2Marlin\" src=\"http:\/\/www.orsiivik.gl\/wp-content\/uploads\/2010\/12\/2Marlin.jpg\" alt=\"\" width=\"413\" height=\"142\" \/><\/a><\/p>\n<p>&nbsp;<\/p>\n<p><span style=\"color: #000000;\">.<\/span><\/p>\n<p>Tikka:<\/p>\n<p><a href=\"http:\/\/www.orsiivik.gl\/?page_id=262\"><img loading=\"lazy\" decoding=\"async\" title=\"2Tikka\" src=\"http:\/\/www.orsiivik.gl\/wp-content\/uploads\/2010\/12\/2Tikka.jpg\" alt=\"\" width=\"413\" height=\"142\" \/><\/a><\/p>\n<p><span style=\"color: #000000;\">.<\/span><\/p>\n<p>Sako:<\/p>\n<p><a href=\"http:\/\/www.orsiivik.gl\/?page_id=260\"><img loading=\"lazy\" decoding=\"async\" title=\"2Sako\" src=\"http:\/\/www.orsiivik.gl\/wp-content\/uploads\/2010\/12\/2Sako.jpg\" alt=\"\" width=\"413\" height=\"142\" \/><\/a><\/p>\n<p><span style=\"color: #000000;\">.<\/span><\/p>\n<p>CZ:<\/p>\n<p><a href=\"http:\/\/www.orsiivik.gl\/?page_id=85\"><img loading=\"lazy\" decoding=\"async\" class=\"alignnone size-full wp-image-22\" title=\"CZ logo\" src=\"http:\/\/www.orsiivik.gl\/wp-content\/uploads\/2010\/12\/CZ-logo.png\" alt=\"\" width=\"413\" height=\"142\" srcset=\"https:\/\/www.orsiivik.gl\/wp-content\/uploads\/2010\/12\/CZ-logo.png 413w, https:\/\/www.orsiivik.gl\/wp-content\/uploads\/2010\/12\/CZ-logo-300x103.png 300w\" sizes=\"auto, (max-width: 413px) 100vw, 413px\" \/><\/a><\/p>\n<p><span style=\"color: #000000;\">.<\/span><\/p>\n<p>Savage:<\/p>\n<p><a href=\"http:\/\/www.orsiivik.gl\/?page_id=30\"><img loading=\"lazy\" decoding=\"async\" class=\"alignnone size-full wp-image-23\" title=\"savage logo\" src=\"http:\/\/www.orsiivik.gl\/wp-content\/uploads\/2010\/12\/savage-logo.png\" alt=\"\" width=\"413\" height=\"142\" srcset=\"https:\/\/www.orsiivik.gl\/wp-content\/uploads\/2010\/12\/savage-logo.png 413w, https:\/\/www.orsiivik.gl\/wp-content\/uploads\/2010\/12\/savage-logo-300x103.png 300w\" sizes=\"auto, (max-width: 413px) 100vw, 413px\" \/><\/a><\/p>\n<p><span style=\"color: #000000;\">.<\/span><\/p>\n<p>&nbsp;<\/p>\n<p><span style=\"color: #000000;\">.<\/span><\/p>\n<p>Lydd\u00e6mpere:<\/p>\n<p><a href=\"http:\/\/www.orsiivik.gl\/?page_id=333\"><img loading=\"lazy\" decoding=\"async\" class=\"alignnone size-full wp-image-338\" title=\"5lyddaempere\" src=\"http:\/\/www.orsiivik.gl\/wp-content\/uploads\/2010\/12\/5lyddaempere.jpg\" alt=\"\" width=\"413\" height=\"142\" srcset=\"https:\/\/www.orsiivik.gl\/wp-content\/uploads\/2010\/12\/5lyddaempere.jpg 413w, https:\/\/www.orsiivik.gl\/wp-content\/uploads\/2010\/12\/5lyddaempere-300x103.jpg 300w\" sizes=\"auto, (max-width: 413px) 100vw, 413px\" \/><\/a><\/p>\n<p><span style=\"color: #000000;\">.<\/span><\/p>\n<p>Patroner:<\/p>\n<p><a href=\"http:\/\/www.orsiivik.gl\/?page_id=335\"><img loading=\"lazy\" decoding=\"async\" class=\"alignnone size-full wp-image-339\" title=\"5patroner\" src=\"http:\/\/www.orsiivik.gl\/wp-content\/uploads\/2010\/12\/5patroner.jpg\" alt=\"\" width=\"413\" height=\"142\" srcset=\"https:\/\/www.orsiivik.gl\/wp-content\/uploads\/2010\/12\/5patroner.jpg 413w, https:\/\/www.orsiivik.gl\/wp-content\/uploads\/2010\/12\/5patroner-300x103.jpg 300w\" sizes=\"auto, (max-width: 413px) 100vw, 413px\" \/><\/a><\/p>\n<p>Kontakt Orsiivik ved sp\u00f8rgsm\u00e5l. Vi har et k\u00e6mpe lager af rifler og vi er<br \/>\nstolte af vores konkurrencedygtige priser.<\/p>\n","protected":false},"excerpt":{"rendered":"<p>Orsiivik er leverand\u00f8r p\u00e5 f\u00f8lgende riffelm\u00e6rker: (klik p\u00e5 logoerne for at se udvalg) . Winchester: . Steyr-Mannlicher: . Schultz &amp; Larsen: . Remington: . Marlin: &nbsp; . Tikka: . Sako: . CZ: . Savage: . &nbsp; . Lydd\u00e6mpere: . Patroner: Kontakt Orsiivik ved sp\u00f8rgsm\u00e5l. Vi har et k\u00e6mpe lager af rifler og vi er stolte [&hellip;]<\/p>\n","protected":false},"author":1,"featured_media":1232,"parent":2445,"menu_order":1,"comment_status":"closed","ping_status":"closed","template":"","meta":{"footnotes":"","_links_to":"","_links_to_target":""},"class_list":["post-2","page","type-page","status-publish","has-post-thumbnail","hentry"],"_links":{"self":[{"href":"https:\/\/www.orsiivik.gl\/index.php?rest_route=\/wp\/v2\/pages\/2","targetHints":{"allow":["GET"]}}],"collection":[{"href":"https:\/\/www.orsiivik.gl\/index.php?rest_route=\/wp\/v2\/pages"}],"about":[{"href":"https:\/\/www.orsiivik.gl\/index.php?rest_route=\/wp\/v2\/types\/page"}],"author":[{"embeddable":true,"href":"https:\/\/www.orsiivik.gl\/index.php?rest_route=\/wp\/v2\/users\/1"}],"replies":[{"embeddable":true,"href":"https:\/\/www.orsiivik.gl\/index.php?rest_route=%2Fwp%2Fv2%2Fcomments&post=2"}],"version-history":[{"count":50,"href":"https:\/\/www.orsiivik.gl\/index.php?rest_route=\/wp\/v2\/pages\/2\/revisions"}],"predecessor-version":[{"id":2879,"href":"https:\/\/www.orsiivik.gl\/index.php?rest_route=\/wp\/v2\/pages\/2\/revisions\/2879"}],"up":[{"embeddable":true,"href":"https:\/\/www.orsiivik.gl\/index.php?rest_route=\/wp\/v2\/pages\/2445"}],"wp:featuredmedia":[{"embeddable":true,"href":"https:\/\/www.orsiivik.gl\/index.php?rest_route=\/wp\/v2\/media\/1232"}],"wp:attachment":[{"href":"https:\/\/www.orsiivik.gl\/index.php?rest_route=%2Fwp%2Fv2%2Fmedia&parent=2"}],"curies":[{"name":"wp","href":"https:\/\/api.w.org\/{rel}","templated":true}]}}