{"id":224,"date":"2010-12-17T16:04:45","date_gmt":"2010-12-17T16:04:45","guid":{"rendered":"http:\/\/www.orsiivik.gl\/?page_id=224"},"modified":"2016-11-10T18:39:33","modified_gmt":"2016-11-10T18:39:33","slug":"buck-knive","status":"publish","type":"page","link":"https:\/\/www.orsiivik.gl\/?page_id=224","title":{"rendered":"Buck Knive"},"content":{"rendered":"<p><strong>Bem\u00e6rk der tages forbehold for eventuelle pris\u00e6ndringer samt udsolgte varer.<\/strong><\/p>\n<hr \/>\n<p>&nbsp;<\/p>\n<p>Model: Buck Mini Alpha Rose med 2 1\/2&#8243; blad, 6,4cm<br \/>\nInfo: Lille og god jagtkniv med ergonomisk sk\u00e6fte i Rosewood tr\u00e6, inklusiv l\u00e6derskede<br \/>\nPris:\u00a0Sp\u00f8rg i butikken, email butik@orsiivik.gl eller p\u00e5 tlf. 32 83 93<br \/>\n<a href=\"http:\/\/www.orsiivik.gl\/wp-content\/uploads\/2010\/12\/Buck-Mini-Alpha-Rose.jpg\"><img loading=\"lazy\" decoding=\"async\" class=\"alignnone size-medium wp-image-541\" title=\"Buck-Mini-Alpha-Rose\" src=\"http:\/\/www.orsiivik.gl\/wp-content\/uploads\/2010\/12\/Buck-Mini-Alpha-Rose-300x88.jpg\" alt=\"\" width=\"300\" height=\"88\" srcset=\"https:\/\/www.orsiivik.gl\/wp-content\/uploads\/2010\/12\/Buck-Mini-Alpha-Rose-300x88.jpg 300w, https:\/\/www.orsiivik.gl\/wp-content\/uploads\/2010\/12\/Buck-Mini-Alpha-Rose.jpg 601w\" sizes=\"auto, (max-width: 300px) 100vw, 300px\" \/><\/a><\/p>\n<hr \/>\n<p>Model: Buck Mini Alpha Hunter med 2 1\/2&#8243; blad, 6,4cm<br \/>\nInfo: Lille og god jagtkniv med ergonomisk sk\u00e6fte i Charcoal Dymondwood, inklusiv h\u00e5rdf\u00f8r nylon skede med plast indl\u00e6g<br \/>\nPris:\u00a0Sp\u00f8rg i butikken, email butik@orsiivik.gl eller p\u00e5 tlf. 32 83 93<br \/>\n<a href=\"http:\/\/www.orsiivik.gl\/wp-content\/uploads\/2010\/12\/Buck-mini-alpha-hunter.jpg\"><img loading=\"lazy\" decoding=\"async\" class=\"alignnone size-medium wp-image-1097\" title=\"Buck-mini-alpha-hunter\" src=\"http:\/\/www.orsiivik.gl\/wp-content\/uploads\/2010\/12\/Buck-mini-alpha-hunter-300x155.jpg\" alt=\"\" width=\"300\" height=\"155\" srcset=\"https:\/\/www.orsiivik.gl\/wp-content\/uploads\/2010\/12\/Buck-mini-alpha-hunter-300x155.jpg 300w, https:\/\/www.orsiivik.gl\/wp-content\/uploads\/2010\/12\/Buck-mini-alpha-hunter.jpg 800w\" sizes=\"auto, (max-width: 300px) 100vw, 300px\" \/><\/a><\/p>\n<hr \/>\n<p>Model: Buck AlphaHunter med Alcryn sk\u00e6fte<br \/>\nInfo: God jagtkniv med ergonomisk sk\u00e6fte i Alcryn gummi, inklusiv h\u00e5rdf\u00f8r nylon skede med plast indl\u00e6g<br \/>\nPris:\u00a0Sp\u00f8rg i butikken, email butik@orsiivik.gl eller p\u00e5 tlf. 32 83 93<br \/>\n<a href=\"http:\/\/www.orsiivik.gl\/wp-content\/uploads\/2010\/12\/Buck-Alpha-Hunter-0694BKS-B.jpg\"><img loading=\"lazy\" decoding=\"async\" class=\"alignnone size-medium wp-image-1110\" title=\"Buck-Alpha-Hunter-0694BKS-B\" src=\"http:\/\/www.orsiivik.gl\/wp-content\/uploads\/2010\/12\/Buck-Alpha-Hunter-0694BKS-B-300x199.jpg\" alt=\"\" width=\"300\" height=\"199\" srcset=\"https:\/\/www.orsiivik.gl\/wp-content\/uploads\/2010\/12\/Buck-Alpha-Hunter-0694BKS-B-300x199.jpg 300w, https:\/\/www.orsiivik.gl\/wp-content\/uploads\/2010\/12\/Buck-Alpha-Hunter-0694BKS-B.jpg 800w\" sizes=\"auto, (max-width: 300px) 100vw, 300px\" \/><\/a><\/p>\n<hr \/>\n<p>Model: Buck AlphaHunter med Alcryn sk\u00e6fte og bug\u00e5bner<br \/>\nInfo: God jagtkniv med ergonomisk sk\u00e6fte i Alcryn gummi, inklusiv h\u00e5rdf\u00f8r nylon skede med plast indl\u00e6g<br \/>\nPris:\u00a0Sp\u00f8rg i butikken, email butik@orsiivik.gl eller p\u00e5 tlf. 32 83 93<br \/>\n<a href=\"http:\/\/www.orsiivik.gl\/wp-content\/uploads\/2010\/12\/Buck-alphahunter-bug\u00e5bner.jpg\"><img loading=\"lazy\" decoding=\"async\" class=\"alignnone size-medium wp-image-1113\" title=\"Buck-alphahunter-bug\u00e5bner\" src=\"http:\/\/www.orsiivik.gl\/wp-content\/uploads\/2010\/12\/Buck-alphahunter-bug\u00e5bner-300x181.jpg\" alt=\"\" width=\"300\" height=\"181\" srcset=\"https:\/\/www.orsiivik.gl\/wp-content\/uploads\/2010\/12\/Buck-alphahunter-bug\u00e5bner-300x181.jpg 300w, https:\/\/www.orsiivik.gl\/wp-content\/uploads\/2010\/12\/Buck-alphahunter-bug\u00e5bner.jpg 800w\" sizes=\"auto, (max-width: 300px) 100vw, 300px\" \/><\/a><\/p>\n<hr \/>\n<p>Model: Buck AlphaHunter med Sandvik 12C27 st\u00e5l<br \/>\nInfo: God jagtkniv med ergonomisk sk\u00e6fte i Rosewood tr\u00e6, inklusiv l\u00e6derskede<br \/>\nPris:\u00a0Sp\u00f8rg i butikken, email butik@orsiivik.gl eller p\u00e5 tlf. 32 83 93<br \/>\n<a href=\"http:\/\/www.orsiivik.gl\/wp-content\/uploads\/2010\/12\/Buck-Alphahunter-12C27.jpg\"><img loading=\"lazy\" decoding=\"async\" class=\"alignnone size-medium wp-image-1115\" title=\"Buck-Alphahunter-12C27\" src=\"http:\/\/www.orsiivik.gl\/wp-content\/uploads\/2010\/12\/Buck-Alphahunter-12C27-300x181.jpg\" alt=\"\" width=\"300\" height=\"181\" srcset=\"https:\/\/www.orsiivik.gl\/wp-content\/uploads\/2010\/12\/Buck-Alphahunter-12C27-300x181.jpg 300w, https:\/\/www.orsiivik.gl\/wp-content\/uploads\/2010\/12\/Buck-Alphahunter-12C27.jpg 920w\" sizes=\"auto, (max-width: 300px) 100vw, 300px\" \/><\/a><\/p>\n<hr \/>\n<p>Model: Buck AlphaHunter med Sandvik 12C27 st\u00e5l og bug\u00e5bner<br \/>\nInfo: God jagtkniv med ergonomisk sk\u00e6fte i Rosewood tr\u00e6, inklusiv l\u00e6derskede<br \/>\nPris:\u00a0Sp\u00f8rg i butikken, email butik@orsiivik.gl eller p\u00e5 tlf. 32 83 93<br \/>\n<a href=\"http:\/\/www.orsiivik.gl\/wp-content\/uploads\/2010\/12\/Buck-Alphahunter-0193-BRG-B.jpg\"><img loading=\"lazy\" decoding=\"async\" class=\"alignnone size-medium wp-image-1117\" title=\"Buck-Alphahunter-0193-BRG-B\" src=\"http:\/\/www.orsiivik.gl\/wp-content\/uploads\/2010\/12\/Buck-Alphahunter-0193-BRG-B-300x181.jpg\" alt=\"\" width=\"300\" height=\"181\" srcset=\"https:\/\/www.orsiivik.gl\/wp-content\/uploads\/2010\/12\/Buck-Alphahunter-0193-BRG-B-300x181.jpg 300w, https:\/\/www.orsiivik.gl\/wp-content\/uploads\/2010\/12\/Buck-Alphahunter-0193-BRG-B.jpg 800w\" sizes=\"auto, (max-width: 300px) 100vw, 300px\" \/><\/a><\/p>\n<hr \/>\n<p>Model: Buck ErgoSelect med bug\u00e5bner<br \/>\nInfo: God jagtkniv med ergonomisk sk\u00e6fte i Alcryn gummi, inklusiv h\u00e5rdf\u00f8r nylon skede med plast indl\u00e6g<br \/>\nPris:\u00a0Sp\u00f8rg i butikken, email butik@orsiivik.gl eller p\u00e5 tlf. 32 83 93<br \/>\n<a href=\"http:\/\/www.orsiivik.gl\/wp-content\/uploads\/2010\/12\/Buck-ergo-select.jpg\"><img loading=\"lazy\" decoding=\"async\" class=\"alignnone size-medium wp-image-1101\" title=\"Buck-ergo-select\" src=\"http:\/\/www.orsiivik.gl\/wp-content\/uploads\/2010\/12\/Buck-ergo-select-300x51.jpg\" alt=\"\" width=\"300\" height=\"51\" srcset=\"https:\/\/www.orsiivik.gl\/wp-content\/uploads\/2010\/12\/Buck-ergo-select-300x51.jpg 300w, https:\/\/www.orsiivik.gl\/wp-content\/uploads\/2010\/12\/Buck-ergo-select.jpg 400w\" sizes=\"auto, (max-width: 300px) 100vw, 300px\" \/><\/a><\/p>\n<hr \/>\n<p>Model: Buck ErgoHunter Avid med Alcryn sk\u00e6fte<br \/>\nInfo: God jagtkniv med ergonomisk sk\u00e6fte i Alcryn gummi, inklusiv h\u00e5rdf\u00f8r nylon skede med plast indl\u00e6g<br \/>\nPris:\u00a0Sp\u00f8rg i butikken, email butik@orsiivik.gl eller p\u00e5 tlf. 32 83 93<br \/>\n<a href=\"http:\/\/www.orsiivik.gl\/wp-content\/uploads\/2010\/12\/Buck-Ergohunter-Alcryn.jpg\"><img loading=\"lazy\" decoding=\"async\" class=\"alignnone size-medium wp-image-1103\" title=\"Buck-Ergohunter-Alcryn\" src=\"http:\/\/www.orsiivik.gl\/wp-content\/uploads\/2010\/12\/Buck-Ergohunter-Alcryn-300x138.jpg\" alt=\"\" width=\"300\" height=\"138\" srcset=\"https:\/\/www.orsiivik.gl\/wp-content\/uploads\/2010\/12\/Buck-Ergohunter-Alcryn-300x138.jpg 300w, https:\/\/www.orsiivik.gl\/wp-content\/uploads\/2010\/12\/Buck-Ergohunter-Alcryn.jpg 800w\" sizes=\"auto, (max-width: 300px) 100vw, 300px\" \/><\/a><\/p>\n<hr \/>\n<p>Model: Buck ErgoHunter Avid med bug\u00e5bner og Sandvik 12C27 st\u00e5l<br \/>\nInfo: God jagtkniv med ergonomisk sk\u00e6fte i Alcryn gummi, inklusiv h\u00e5rdf\u00f8r nylon skede med plast indl\u00e6g<br \/>\nPris:\u00a0Sp\u00f8rg i butikken, email butik@orsiivik.gl eller p\u00e5 tlf. 32 83 93<br \/>\n<a href=\"http:\/\/www.orsiivik.gl\/wp-content\/uploads\/2010\/12\/Buck-Ergohunter-12C27.jpg\"><img loading=\"lazy\" decoding=\"async\" class=\"alignnone size-medium wp-image-1105\" title=\"Buck-Ergohunter-12C27\" src=\"http:\/\/www.orsiivik.gl\/wp-content\/uploads\/2010\/12\/Buck-Ergohunter-12C27-300x135.jpg\" alt=\"\" width=\"300\" height=\"135\" srcset=\"https:\/\/www.orsiivik.gl\/wp-content\/uploads\/2010\/12\/Buck-Ergohunter-12C27-300x135.jpg 300w, https:\/\/www.orsiivik.gl\/wp-content\/uploads\/2010\/12\/Buck-Ergohunter-12C27.jpg 800w\" sizes=\"auto, (max-width: 300px) 100vw, 300px\" \/><\/a><\/p>\n<hr \/>\n<p>Model: Buck ErgoHunter Avid<br \/>\nInfo: God jagtkniv med ergonomisk sk\u00e6fte i Rosewood tr\u00e6, inklusiv l\u00e6derskede<br \/>\nPris:\u00a0Sp\u00f8rg i butikken, email butik@orsiivik.gl eller p\u00e5 tlf. 32 83 93<br \/>\n<a href=\"http:\/\/www.orsiivik.gl\/wp-content\/uploads\/2010\/12\/Buck-ErgoHunter-Avid.jpg\"><img loading=\"lazy\" decoding=\"async\" class=\"alignnone size-medium wp-image-544\" title=\"Buck-ErgoHunter-Avid\" src=\"http:\/\/www.orsiivik.gl\/wp-content\/uploads\/2010\/12\/Buck-ErgoHunter-Avid-300x150.jpg\" alt=\"\" width=\"300\" height=\"150\" srcset=\"https:\/\/www.orsiivik.gl\/wp-content\/uploads\/2010\/12\/Buck-ErgoHunter-Avid-300x150.jpg 300w, https:\/\/www.orsiivik.gl\/wp-content\/uploads\/2010\/12\/Buck-ErgoHunter-Avid.jpg 600w\" sizes=\"auto, (max-width: 300px) 100vw, 300px\" \/><\/a><\/p>\n<hr \/>\n<p>Model: Buck Omnihunter Orange med Bug\u00e5bner<br \/>\nInfo: God jagtkniv med ergonomisk sk\u00e6fte i orange, inklusiv nylonskede<br \/>\nPris:\u00a0Sp\u00f8rg i butikken, email butik@orsiivik.gl eller p\u00e5 tlf. 32 83 93<br \/>\n<a href=\"http:\/\/www.orsiivik.gl\/wp-content\/uploads\/2010\/12\/Buck-Omnihunter-Orange.jpg\"><img loading=\"lazy\" decoding=\"async\" class=\"alignnone size-medium wp-image-546\" title=\"Buck-Omnihunter-Orange\" src=\"http:\/\/www.orsiivik.gl\/wp-content\/uploads\/2010\/12\/Buck-Omnihunter-Orange-300x256.jpg\" alt=\"\" width=\"300\" height=\"256\" srcset=\"https:\/\/www.orsiivik.gl\/wp-content\/uploads\/2010\/12\/Buck-Omnihunter-Orange-300x256.jpg 300w, https:\/\/www.orsiivik.gl\/wp-content\/uploads\/2010\/12\/Buck-Omnihunter-Orange.jpg 800w\" sizes=\"auto, (max-width: 300px) 100vw, 300px\" \/><\/a><\/p>\n<hr \/>\n<p>Model: Buck OmniHunter Mini<br \/>\nInfo: Handy lille jagt lommekniv med nylon skede, enh\u00e5ndsbetjent<br \/>\nPris:\u00a0Sp\u00f8rg i butikken, email butik@orsiivik.gl eller p\u00e5 tlf. 32 83 93<br \/>\n<a href=\"http:\/\/www.orsiivik.gl\/wp-content\/uploads\/2010\/12\/Buck-OmniHunter-Camo-Orange.jpg\"><img loading=\"lazy\" decoding=\"async\" class=\"alignnone size-medium wp-image-548\" title=\"Buck-OmniHunter-Camo-Orange\" src=\"http:\/\/www.orsiivik.gl\/wp-content\/uploads\/2010\/12\/Buck-OmniHunter-Camo-Orange-300x300.jpg\" alt=\"\" width=\"300\" height=\"300\" srcset=\"https:\/\/www.orsiivik.gl\/wp-content\/uploads\/2010\/12\/Buck-OmniHunter-Camo-Orange-300x300.jpg 300w, https:\/\/www.orsiivik.gl\/wp-content\/uploads\/2010\/12\/Buck-OmniHunter-Camo-Orange-150x150.jpg 150w, https:\/\/www.orsiivik.gl\/wp-content\/uploads\/2010\/12\/Buck-OmniHunter-Camo-Orange.jpg 400w\" sizes=\"auto, (max-width: 300px) 100vw, 300px\" \/><\/a><\/p>\n<hr \/>\n<p>Model: Buck OmniHunter foldekniv med bug\u00e5bner<br \/>\nInfo: Handy jagt lommekniv med nylon skede, enh\u00e5ndsbetjent<br \/>\nPris:\u00a0Sp\u00f8rg i butikken, email butik@orsiivik.gl eller p\u00e5 tlf. 32 83 93<br \/>\n<a href=\"http:\/\/www.orsiivik.gl\/wp-content\/uploads\/2010\/12\/Buck-Omnihunter-Bug\u00e5bner.jpg\"><img loading=\"lazy\" decoding=\"async\" class=\"alignnone size-medium wp-image-1119\" title=\"Buck-Omnihunter-Bug\u00e5bner\" src=\"http:\/\/www.orsiivik.gl\/wp-content\/uploads\/2010\/12\/Buck-Omnihunter-Bug\u00e5bner-300x137.jpg\" alt=\"\" width=\"300\" height=\"137\" srcset=\"https:\/\/www.orsiivik.gl\/wp-content\/uploads\/2010\/12\/Buck-Omnihunter-Bug\u00e5bner-300x137.jpg 300w, https:\/\/www.orsiivik.gl\/wp-content\/uploads\/2010\/12\/Buck-Omnihunter-Bug\u00e5bner.jpg 800w\" sizes=\"auto, (max-width: 300px) 100vw, 300px\" \/><\/a><\/p>\n<hr \/>\n<p>Model: Buck OmniHunter 10PT<br \/>\nInfo: Handy lille jagtkniv med nylon skede<br \/>\nPris:\u00a0Sp\u00f8rg i butikken, email butik@orsiivik.gl eller p\u00e5 tlf. 32 83 93<br \/>\n<a href=\"http:\/\/www.orsiivik.gl\/wp-content\/uploads\/2010\/12\/Buck-Omnihunter-10PT.jpg\"><img loading=\"lazy\" decoding=\"async\" class=\"alignnone size-medium wp-image-1121\" title=\"Buck-Omnihunter-10PT\" src=\"http:\/\/www.orsiivik.gl\/wp-content\/uploads\/2010\/12\/Buck-Omnihunter-10PT-300x151.jpg\" alt=\"\" width=\"300\" height=\"151\" srcset=\"https:\/\/www.orsiivik.gl\/wp-content\/uploads\/2010\/12\/Buck-Omnihunter-10PT-300x151.jpg 300w, https:\/\/www.orsiivik.gl\/wp-content\/uploads\/2010\/12\/Buck-Omnihunter-10PT.jpg 800w\" sizes=\"auto, (max-width: 300px) 100vw, 300px\" \/><\/a><\/p>\n<hr \/>\n<p>Model: Buck Paradigm Pro med 8,3cm\/3 1\/4&#8243; bladl\u00e6ngde<br \/>\nInfo: Handy enh\u00e5ndsbetjent lommekniv med S30V st\u00e5l<br \/>\nPris:\u00a0Sp\u00f8rg i butikken, email butik@orsiivik.gl eller p\u00e5 tlf. 32 83 93<br \/>\n<a href=\"http:\/\/www.orsiivik.gl\/wp-content\/uploads\/2010\/12\/Buck-Paradigm-Pro-Sandvik-St\u00e5l.jpg\"><img loading=\"lazy\" decoding=\"async\" class=\"alignnone size-medium wp-image-1124\" title=\"Buck-Paradigm-Pro-Sandvik-St\u00e5l\" src=\"http:\/\/www.orsiivik.gl\/wp-content\/uploads\/2010\/12\/Buck-Paradigm-Pro-Sandvik-St\u00e5l-300x199.jpg\" alt=\"\" width=\"300\" height=\"199\" srcset=\"https:\/\/www.orsiivik.gl\/wp-content\/uploads\/2010\/12\/Buck-Paradigm-Pro-Sandvik-St\u00e5l-300x199.jpg 300w, https:\/\/www.orsiivik.gl\/wp-content\/uploads\/2010\/12\/Buck-Paradigm-Pro-Sandvik-St\u00e5l.jpg 800w\" sizes=\"auto, (max-width: 300px) 100vw, 300px\" \/><\/a><\/p>\n<hr \/>\n<p>Model: Buck Bucklite Max med Bug\u00e5bner<br \/>\nInfo: God og prisbillig jagtkniv med ergonomisk sk\u00e6fte i orangefarve, inklusiv nylonskede<br \/>\nPris:\u00a0Sp\u00f8rg i butikken, email butik@orsiivik.gl eller p\u00e5 tlf. 32 83 93<br \/>\n<a href=\"http:\/\/www.orsiivik.gl\/wp-content\/uploads\/2010\/12\/Buck-Lite-Max-Large-med-bug\u00e5bner.jpg\"><img loading=\"lazy\" decoding=\"async\" class=\"alignnone size-medium wp-image-1126\" title=\"Buck-Lite-Max-Large-med-bug\u00e5bner\" src=\"http:\/\/www.orsiivik.gl\/wp-content\/uploads\/2010\/12\/Buck-Lite-Max-Large-med-bug\u00e5bner-300x199.jpg\" alt=\"\" width=\"300\" height=\"199\" srcset=\"https:\/\/www.orsiivik.gl\/wp-content\/uploads\/2010\/12\/Buck-Lite-Max-Large-med-bug\u00e5bner-300x199.jpg 300w, https:\/\/www.orsiivik.gl\/wp-content\/uploads\/2010\/12\/Buck-Lite-Max-Large-med-bug\u00e5bner.jpg 800w\" sizes=\"auto, (max-width: 300px) 100vw, 300px\" \/><\/a><\/p>\n<hr \/>\n<p>Model: Buck Bait Blade<br \/>\nInfo: God og prisbillig allround kniv<br \/>\nPris:\u00a0Sp\u00f8rg i butikken, email butik@orsiivik.gl eller p\u00e5 tlf. 32 83 93<br \/>\n<a href=\"http:\/\/www.orsiivik.gl\/wp-content\/uploads\/2010\/12\/Buck-Baitblade.jpg\"><img loading=\"lazy\" decoding=\"async\" class=\"alignnone size-medium wp-image-1128\" title=\"Buck-Baitblade\" src=\"http:\/\/www.orsiivik.gl\/wp-content\/uploads\/2010\/12\/Buck-Baitblade-300x293.jpg\" alt=\"\" width=\"300\" height=\"293\" srcset=\"https:\/\/www.orsiivik.gl\/wp-content\/uploads\/2010\/12\/Buck-Baitblade-300x293.jpg 300w, https:\/\/www.orsiivik.gl\/wp-content\/uploads\/2010\/12\/Buck-Baitblade.jpg 432w\" sizes=\"auto, (max-width: 300px) 100vw, 300px\" \/><\/a><\/p>\n<hr \/>\n<p>Model: Buck Fillet Blade<br \/>\nInfo: Kvalitets fillet kniv med plast skede<br \/>\nPris:\u00a0Sp\u00f8rg i butikken, email butik@orsiivik.gl eller p\u00e5 tlf. 32 83 93<br \/>\n<a href=\"http:\/\/www.orsiivik.gl\/wp-content\/uploads\/2010\/12\/Buck-Fillet-Blade.jpg\"><img loading=\"lazy\" decoding=\"async\" class=\"alignnone size-medium wp-image-1129\" title=\"Buck-Fillet-Blade\" src=\"http:\/\/www.orsiivik.gl\/wp-content\/uploads\/2010\/12\/Buck-Fillet-Blade-300x136.jpg\" alt=\"\" width=\"300\" height=\"136\" srcset=\"https:\/\/www.orsiivik.gl\/wp-content\/uploads\/2010\/12\/Buck-Fillet-Blade-300x136.jpg 300w, https:\/\/www.orsiivik.gl\/wp-content\/uploads\/2010\/12\/Buck-Fillet-Blade.jpg 920w\" sizes=\"auto, (max-width: 300px) 100vw, 300px\" \/><\/a><\/p>\n<hr \/>\n<p>&nbsp;<\/p>\n","protected":false},"excerpt":{"rendered":"<p>Bem\u00e6rk der tages forbehold for eventuelle pris\u00e6ndringer samt udsolgte varer. &nbsp; Model: Buck Mini Alpha Rose med 2 1\/2&#8243; blad, 6,4cm Info: Lille og god jagtkniv med ergonomisk sk\u00e6fte i Rosewood tr\u00e6, inklusiv l\u00e6derskede Pris:\u00a0Sp\u00f8rg i butikken, email butik@orsiivik.gl eller p\u00e5 tlf. 32 83 93 Model: Buck Mini Alpha Hunter med 2 1\/2&#8243; blad, 6,4cm [&hellip;]<\/p>\n","protected":false},"author":1,"featured_media":0,"parent":5,"menu_order":2,"comment_status":"closed","ping_status":"closed","template":"","meta":{"footnotes":"","_links_to":"","_links_to_target":""},"class_list":["post-224","page","type-page","status-publish","hentry"],"_links":{"self":[{"href":"https:\/\/www.orsiivik.gl\/index.php?rest_route=\/wp\/v2\/pages\/224","targetHints":{"allow":["GET"]}}],"collection":[{"href":"https:\/\/www.orsiivik.gl\/index.php?rest_route=\/wp\/v2\/pages"}],"about":[{"href":"https:\/\/www.orsiivik.gl\/index.php?rest_route=\/wp\/v2\/types\/page"}],"author":[{"embeddable":true,"href":"https:\/\/www.orsiivik.gl\/index.php?rest_route=\/wp\/v2\/users\/1"}],"replies":[{"embeddable":true,"href":"https:\/\/www.orsiivik.gl\/index.php?rest_route=%2Fwp%2Fv2%2Fcomments&post=224"}],"version-history":[{"count":41,"href":"https:\/\/www.orsiivik.gl\/index.php?rest_route=\/wp\/v2\/pages\/224\/revisions"}],"predecessor-version":[{"id":2851,"href":"https:\/\/www.orsiivik.gl\/index.php?rest_route=\/wp\/v2\/pages\/224\/revisions\/2851"}],"up":[{"embeddable":true,"href":"https:\/\/www.orsiivik.gl\/index.php?rest_route=\/wp\/v2\/pages\/5"}],"wp:attachment":[{"href":"https:\/\/www.orsiivik.gl\/index.php?rest_route=%2Fwp%2Fv2%2Fmedia&parent=224"}],"curies":[{"name":"wp","href":"https:\/\/api.w.org\/{rel}","templated":true}]}}