{"id":262,"date":"2010-12-17T17:23:45","date_gmt":"2010-12-17T17:23:45","guid":{"rendered":"http:\/\/www.orsiivik.gl\/?page_id=262"},"modified":"2016-11-10T18:29:20","modified_gmt":"2016-11-10T18:29:20","slug":"tikka","status":"publish","type":"page","link":"https:\/\/www.orsiivik.gl\/?page_id=262","title":{"rendered":"Tikka"},"content":{"rendered":"<p><strong>Bem\u00e6rk der tages forbehold for eventuelle pris\u00e6ndringer samt udsolgte varer.<\/strong><\/p>\n<hr \/>\n<p><strong>Model:<\/strong> Tikka T3 Lite med korn &amp; k\u00e6rv<br \/>\n<strong>Info: <\/strong>Jagtriffel i 22-250 Rem, .243 win, 6,5&#215;55, .308 Win,\u00a0 300 WinMag<br \/>\n<strong>Pris:<\/strong> Sp\u00f8rg i butikken, email butik@orsiivik.gl eller p\u00e5 tlf. 32 83 93<br \/>\n<strong>Art: <\/strong>Centerfire Riffel med korn &amp; k\u00e6rv<br \/>\n(Bem\u00e6rk at den er afbilledet uden korn &amp; k\u00e6rv)<br \/>\n<a href=\"http:\/\/www.orsiivik.gl\/wp-content\/uploads\/2010\/12\/T3LiteWS.jpg\"><img loading=\"lazy\" decoding=\"async\" class=\"alignnone size-medium wp-image-792\" title=\"T3LiteWS\" src=\"http:\/\/www.orsiivik.gl\/wp-content\/uploads\/2010\/12\/T3LiteWS-300x58.jpg\" alt=\"\" width=\"300\" height=\"58\" srcset=\"https:\/\/www.orsiivik.gl\/wp-content\/uploads\/2010\/12\/T3LiteWS-300x58.jpg 300w, https:\/\/www.orsiivik.gl\/wp-content\/uploads\/2010\/12\/T3LiteWS.jpg 533w\" sizes=\"auto, (max-width: 300px) 100vw, 300px\" \/><\/a><\/p>\n<hr \/>\n<p><strong>Model:<\/strong> Tikka T3 Lite Synthetic Stainless Steel med 20&#8243; L\u00f8b<br \/>\n<strong>Info: <\/strong>Jagtriffel<br \/>\n<strong>Pris:\u00a0<\/strong>Sp\u00f8rg i butikken, email butik@orsiivik.gl eller p\u00e5 tlf. 32 83 93<br \/>\n<strong>Art: <\/strong>Centerfire Riffel med 20&#8243; l\u00f8b samt gevind for lydd\u00e6mper i M14x1<br \/>\n<a href=\"http:\/\/www.orsiivik.gl\/wp-content\/uploads\/2010\/12\/Tikka-T3-Lite-Stainless.jpg\"><img loading=\"lazy\" decoding=\"async\" class=\"alignnone size-medium wp-image-796\" title=\"Tikka-T3-Lite-Stainless\" src=\"http:\/\/www.orsiivik.gl\/wp-content\/uploads\/2010\/12\/Tikka-T3-Lite-Stainless-300x64.jpg\" alt=\"\" width=\"300\" height=\"64\" srcset=\"https:\/\/www.orsiivik.gl\/wp-content\/uploads\/2010\/12\/Tikka-T3-Lite-Stainless-300x64.jpg 300w, https:\/\/www.orsiivik.gl\/wp-content\/uploads\/2010\/12\/Tikka-T3-Lite-Stainless.jpg 500w\" sizes=\"auto, (max-width: 300px) 100vw, 300px\" \/><\/a><\/p>\n<hr \/>\n<p><strong>Model:<\/strong> Tikka T3 Laminate Stainless Steel med 20&#8243; L\u00f8b<br \/>\n<strong>Info: <\/strong>Jagtriffel<br \/>\n<strong>Pris:\u00a0<\/strong>Sp\u00f8rg i butikken, email butik@orsiivik.gl eller p\u00e5 tlf. 32 83 93<br \/>\n<strong>Art: <\/strong>Centerfire Riffel med 20&#8243; L\u00f8b samt gevind for lydd\u00e6mper i M14x1<br \/>\n<a href=\"http:\/\/www.orsiivik.gl\/wp-content\/uploads\/2010\/12\/T3-Laminated-SS-243.jpg\"><img loading=\"lazy\" decoding=\"async\" class=\"alignnone size-medium wp-image-800\" title=\"T3-Laminated-SS-243\" src=\"http:\/\/www.orsiivik.gl\/wp-content\/uploads\/2010\/12\/T3-Laminated-SS-243-300x84.jpg\" alt=\"\" width=\"300\" height=\"84\" srcset=\"https:\/\/www.orsiivik.gl\/wp-content\/uploads\/2010\/12\/T3-Laminated-SS-243-300x84.jpg 300w, https:\/\/www.orsiivik.gl\/wp-content\/uploads\/2010\/12\/T3-Laminated-SS-243.jpg 710w\" sizes=\"auto, (max-width: 300px) 100vw, 300px\" \/><\/a><\/p>\n","protected":false},"excerpt":{"rendered":"<p>Bem\u00e6rk der tages forbehold for eventuelle pris\u00e6ndringer samt udsolgte varer. Model: Tikka T3 Lite med korn &amp; k\u00e6rv Info: Jagtriffel i 22-250 Rem, .243 win, 6,5&#215;55, .308 Win,\u00a0 300 WinMag Pris: Sp\u00f8rg i butikken, email butik@orsiivik.gl eller p\u00e5 tlf. 32 83 93 Art: Centerfire Riffel med korn &amp; k\u00e6rv (Bem\u00e6rk at den er afbilledet uden [&hellip;]<\/p>\n","protected":false},"author":1,"featured_media":0,"parent":2,"menu_order":8,"comment_status":"closed","ping_status":"closed","template":"","meta":{"footnotes":"","_links_to":"","_links_to_target":""},"class_list":["post-262","page","type-page","status-publish","hentry"],"_links":{"self":[{"href":"https:\/\/www.orsiivik.gl\/index.php?rest_route=\/wp\/v2\/pages\/262","targetHints":{"allow":["GET"]}}],"collection":[{"href":"https:\/\/www.orsiivik.gl\/index.php?rest_route=\/wp\/v2\/pages"}],"about":[{"href":"https:\/\/www.orsiivik.gl\/index.php?rest_route=\/wp\/v2\/types\/page"}],"author":[{"embeddable":true,"href":"https:\/\/www.orsiivik.gl\/index.php?rest_route=\/wp\/v2\/users\/1"}],"replies":[{"embeddable":true,"href":"https:\/\/www.orsiivik.gl\/index.php?rest_route=%2Fwp%2Fv2%2Fcomments&post=262"}],"version-history":[{"count":15,"href":"https:\/\/www.orsiivik.gl\/index.php?rest_route=\/wp\/v2\/pages\/262\/revisions"}],"predecessor-version":[{"id":2841,"href":"https:\/\/www.orsiivik.gl\/index.php?rest_route=\/wp\/v2\/pages\/262\/revisions\/2841"}],"up":[{"embeddable":true,"href":"https:\/\/www.orsiivik.gl\/index.php?rest_route=\/wp\/v2\/pages\/2"}],"wp:attachment":[{"href":"https:\/\/www.orsiivik.gl\/index.php?rest_route=%2Fwp%2Fv2%2Fmedia&parent=262"}],"curies":[{"name":"wp","href":"https:\/\/api.w.org\/{rel}","templated":true}]}}