{"id":316,"date":"2010-12-17T18:55:00","date_gmt":"2010-12-17T18:55:00","guid":{"rendered":"http:\/\/www.orsiivik.gl\/?page_id=316"},"modified":"2019-03-18T12:59:27","modified_gmt":"2019-03-18T12:59:27","slug":"swarovski-handkikkerter","status":"publish","type":"page","link":"https:\/\/www.orsiivik.gl\/?page_id=316","title":{"rendered":"Swarovski H\u00e5ndkikkerter"},"content":{"rendered":"<p><strong>Model:<\/strong> Swarovski Pocket 8x20mm h\u00e5ndkikkert.<br \/>\n<strong>Info: <\/strong>Lille og Handy h\u00e5ndholdt kikkert, til den kvalitetsbeviste bruger.<br \/>\nLille st\u00f8rrelse med meget stor effekt. Swarovski lommemodeller glider nemt ned i en jakkelomme.<br \/>\n-Stort synsfelt<br \/>\n-Kort n\u00e6rafstand<br \/>\n-Robust kikkert<br \/>\n-Gummiarmeret metalhus<br \/>\n-Vejer blot 215 g<br \/>\n-Fasekorrigerede kikkerter, som har indvendig fokuseringsmekanisme der beskytter kikkerten mod vand og st\u00f8v<br \/>\n-Brillante &amp; kontrastrige billeder<br \/>\n-Vandt\u00e6t<br \/>\n<strong>Pris:<\/strong> Sp\u00f8rg i butikken, email butik@orsiivik.gl eller p\u00e5 tlf. 32 83 93<br \/>\n<strong>Art: <\/strong>H\u00e5ndholdt kikkert<br \/>\n<a href=\"http:\/\/www.orsiivik.gl\/wp-content\/uploads\/2010\/12\/Pocket-8x20.jpg\"><img loading=\"lazy\" decoding=\"async\" class=\"alignnone size-medium wp-image-684\" title=\"Pocket-8x20\" src=\"http:\/\/www.orsiivik.gl\/wp-content\/uploads\/2010\/12\/Pocket-8x20-300x217.jpg\" alt=\"\" width=\"300\" height=\"217\" srcset=\"https:\/\/www.orsiivik.gl\/wp-content\/uploads\/2010\/12\/Pocket-8x20-300x217.jpg 300w, https:\/\/www.orsiivik.gl\/wp-content\/uploads\/2010\/12\/Pocket-8x20.jpg 577w\" sizes=\"auto, (max-width: 300px) 100vw, 300px\" \/><\/a><\/p>\n<p><strong>Model:<\/strong> Swarovski Pocket 10x25mm h\u00e5ndkikkert<br \/>\n<strong>Info: <\/strong>Lille og Handy h\u00e5ndholdt kikkert, til den kvalitetsbeviste bruger.<br \/>\nLille st\u00f8rrelse med meget stor effekt. Swarovski lommemodeller glider nemt ned i en jakkelomme.<br \/>\n-Stort synsfelt<br \/>\n-Kort n\u00e6rafstand<br \/>\n-Robust kikkert<br \/>\n-Gummiarmeret metalhus<br \/>\n-Vejer blot 230 g<br \/>\n-Fasekorrigerede kikkerter, som har indvendig fokuseringsmekanisme der beskytter kikkerten mod vand og st\u00f8v<br \/>\n-Brillante &amp; kontrastrige billeder<br \/>\n-Vandt\u00e6t<br \/>\n<strong>Pris:<\/strong> Sp\u00f8rg i butikken, email butik@orsiivik.gl eller p\u00e5 tlf. 32 83 93<br \/>\n<strong>Art: <\/strong>H\u00e5ndholdt kikkert<br \/>\n<a href=\"http:\/\/www.orsiivik.gl\/wp-content\/uploads\/2010\/12\/Pocket-10x25.jpg\"><img loading=\"lazy\" decoding=\"async\" class=\"alignnone size-medium wp-image-687\" title=\"Pocket-10x25\" src=\"http:\/\/www.orsiivik.gl\/wp-content\/uploads\/2010\/12\/Pocket-10x25-300x225.jpg\" alt=\"\" width=\"300\" height=\"225\" srcset=\"https:\/\/www.orsiivik.gl\/wp-content\/uploads\/2010\/12\/Pocket-10x25-300x225.jpg 300w, https:\/\/www.orsiivik.gl\/wp-content\/uploads\/2010\/12\/Pocket-10x25.jpg 500w\" sizes=\"auto, (max-width: 300px) 100vw, 300px\" \/><\/a><\/p>\n<p><strong>Model:<\/strong> Neopren kikkert taske for Swarovski Pocket modellen<br \/>\n<strong>Info: <\/strong>Lille og handy Neopren taske for Swarovski Pocket kikkerten<br \/>\n<strong>Pris:<\/strong> Sp\u00f8rg i butikken, email butik@orsiivik.gl eller p\u00e5 tlf. 32 83 93<br \/>\n<strong>Art: <\/strong>Kikkert taske<br \/>\n<a href=\"http:\/\/www.orsiivik.gl\/wp-content\/uploads\/2010\/12\/Neopren-Pocket-Taske.jpg\"><img loading=\"lazy\" decoding=\"async\" class=\"alignnone size-medium wp-image-689\" title=\"Neopren-Pocket-Taske\" src=\"http:\/\/www.orsiivik.gl\/wp-content\/uploads\/2010\/12\/Neopren-Pocket-Taske-237x300.jpg\" alt=\"\" width=\"237\" height=\"300\" srcset=\"https:\/\/www.orsiivik.gl\/wp-content\/uploads\/2010\/12\/Neopren-Pocket-Taske-237x300.jpg 237w, https:\/\/www.orsiivik.gl\/wp-content\/uploads\/2010\/12\/Neopren-Pocket-Taske.jpg 475w\" sizes=\"auto, (max-width: 237px) 100vw, 237px\" \/><\/a><\/p>\n<p><strong>Model:<\/strong> Swarovski renses\u00e6t for kikkertsigte samt h\u00e5ndkikkert<br \/>\n<strong>Info: <\/strong>Nem og have med p\u00e5 jagtturen, inkludere: rensev\u00e6ske, klude og rensepind.<br \/>\n<strong>Pris:<\/strong> Sp\u00f8rg i butikken, email butik@orsiivik.gl eller p\u00e5 tlf. 32 83 93<br \/>\n<strong>Art: <\/strong>Cleaning Kit<br \/>\n<a href=\"http:\/\/www.orsiivik.gl\/wp-content\/uploads\/2010\/12\/Swarovski-Cleaning-Kit1.jpg\"><img loading=\"lazy\" decoding=\"async\" class=\"alignnone size-medium wp-image-691\" title=\"Swarovski-Cleaning-Kit\" src=\"http:\/\/www.orsiivik.gl\/wp-content\/uploads\/2010\/12\/Swarovski-Cleaning-Kit1-300x200.jpg\" alt=\"\" width=\"300\" height=\"200\" srcset=\"https:\/\/www.orsiivik.gl\/wp-content\/uploads\/2010\/12\/Swarovski-Cleaning-Kit1-300x200.jpg 300w, https:\/\/www.orsiivik.gl\/wp-content\/uploads\/2010\/12\/Swarovski-Cleaning-Kit1.jpg 750w\" sizes=\"auto, (max-width: 300px) 100vw, 300px\" \/><\/a><\/p>\n","protected":false},"excerpt":{"rendered":"<p>Model: Swarovski Pocket 8x20mm h\u00e5ndkikkert. Info: Lille og Handy h\u00e5ndholdt kikkert, til den kvalitetsbeviste bruger. Lille st\u00f8rrelse med meget stor effekt. Swarovski lommemodeller glider nemt ned i en jakkelomme. -Stort synsfelt -Kort n\u00e6rafstand -Robust kikkert -Gummiarmeret metalhus -Vejer blot 215 g -Fasekorrigerede kikkerter, som har indvendig fokuseringsmekanisme der beskytter kikkerten mod vand og st\u00f8v -Brillante [&hellip;]<\/p>\n","protected":false},"author":1,"featured_media":0,"parent":273,"menu_order":3,"comment_status":"closed","ping_status":"closed","template":"","meta":{"footnotes":"","_links_to":"","_links_to_target":""},"class_list":["post-316","page","type-page","status-publish","hentry"],"_links":{"self":[{"href":"https:\/\/www.orsiivik.gl\/index.php?rest_route=\/wp\/v2\/pages\/316","targetHints":{"allow":["GET"]}}],"collection":[{"href":"https:\/\/www.orsiivik.gl\/index.php?rest_route=\/wp\/v2\/pages"}],"about":[{"href":"https:\/\/www.orsiivik.gl\/index.php?rest_route=\/wp\/v2\/types\/page"}],"author":[{"embeddable":true,"href":"https:\/\/www.orsiivik.gl\/index.php?rest_route=\/wp\/v2\/users\/1"}],"replies":[{"embeddable":true,"href":"https:\/\/www.orsiivik.gl\/index.php?rest_route=%2Fwp%2Fv2%2Fcomments&post=316"}],"version-history":[{"count":12,"href":"https:\/\/www.orsiivik.gl\/index.php?rest_route=\/wp\/v2\/pages\/316\/revisions"}],"predecessor-version":[{"id":2914,"href":"https:\/\/www.orsiivik.gl\/index.php?rest_route=\/wp\/v2\/pages\/316\/revisions\/2914"}],"up":[{"embeddable":true,"href":"https:\/\/www.orsiivik.gl\/index.php?rest_route=\/wp\/v2\/pages\/273"}],"wp:attachment":[{"href":"https:\/\/www.orsiivik.gl\/index.php?rest_route=%2Fwp%2Fv2%2Fmedia&parent=316"}],"curies":[{"name":"wp","href":"https:\/\/api.w.org\/{rel}","templated":true}]}}