{"id":333,"date":"2010-12-17T19:25:57","date_gmt":"2010-12-17T19:25:57","guid":{"rendered":"http:\/\/www.orsiivik.gl\/?page_id=333"},"modified":"2016-11-10T18:35:13","modified_gmt":"2016-11-10T18:35:13","slug":"lydd%c3%a6mpere","status":"publish","type":"page","link":"https:\/\/www.orsiivik.gl\/?page_id=333","title":{"rendered":"Lydd\u00e6mpere"},"content":{"rendered":"<p><strong>Model:<\/strong> Schultz &amp; Larsen Hardcore TMD 45 lydd\u00e6mper<br \/>\n<strong>Info: <\/strong>Lydd\u00e6mper til n\u00e6sten alle kaliber st\u00f8rrelser, vi lager f\u00f8rer den i alle g\u00e6ngse cal.<br \/>\nFordele ved brug af lydd\u00e6mper, er selvf\u00f8lgelig den markante d\u00e6mpning af lyden,<br \/>\nsamt en effektiv rekylbremse effekt opn\u00e5s. P\u00e5 feks en .308 win er det op mod 40% af rekylet der tages.<br \/>\nV\u00e6gt: 420 Gram<br \/>\n<strong>Pris: Sp\u00f8rg i butikken, email butik@orsiivik.gl eller p\u00e5 tlf. 32 83 93<\/strong><br \/>\n<strong>Art: <\/strong>Lagerf\u00f8res med 1\/2&#215;20 UNF, M18x1, M14x1,5 og M14x1 Gevind,<br \/>\nfor andre gevind st\u00f8rrelser skal der p\u00e5regnes ventetid.<\/p>\n<p><a href=\"http:\/\/www.orsiivik.gl\/wp-content\/uploads\/2010\/12\/SL-Hardcore-lydd\u00e6mper1.jpg\"><img loading=\"lazy\" decoding=\"async\" class=\"alignnone size-medium wp-image-1304\" title=\"S&amp;L-Hardcore-lydd\u00e6mper\" src=\"http:\/\/www.orsiivik.gl\/wp-content\/uploads\/2010\/12\/SL-Hardcore-lydd\u00e6mper1-282x300.jpg\" alt=\"\" width=\"282\" height=\"300\" srcset=\"https:\/\/www.orsiivik.gl\/wp-content\/uploads\/2010\/12\/SL-Hardcore-lydd\u00e6mper1-282x300.jpg 282w, https:\/\/www.orsiivik.gl\/wp-content\/uploads\/2010\/12\/SL-Hardcore-lydd\u00e6mper1.jpg 480w\" sizes=\"auto, (max-width: 282px) 100vw, 282px\" \/><\/a><\/p>\n<hr \/>\n<p><strong>Model:<\/strong> Schultz &amp; Larsen Hardcore TMD 55<br \/>\n<strong>Info: <\/strong>S\u00e6rdeles velegnet til magnum kalibre og halvautomatiske rifler<br \/>\nV\u00e6gt: 550 Gram<br \/>\n<strong>Pris:<\/strong> Sp\u00f8rg i butikken, email butik@orsiivik.gl eller p\u00e5 tlf. 32 83 93<br \/>\n<strong>Art: <\/strong>Lydd\u00e6mper<br \/>\n<a href=\"http:\/\/www.orsiivik.gl\/wp-content\/uploads\/2010\/12\/TMD_55.jpg\"><img loading=\"lazy\" decoding=\"async\" class=\"alignnone size-medium wp-image-1305\" title=\"TMD_55\" src=\"http:\/\/www.orsiivik.gl\/wp-content\/uploads\/2010\/12\/TMD_55-218x300.jpg\" alt=\"\" width=\"218\" height=\"300\" srcset=\"https:\/\/www.orsiivik.gl\/wp-content\/uploads\/2010\/12\/TMD_55-218x300.jpg 218w, https:\/\/www.orsiivik.gl\/wp-content\/uploads\/2010\/12\/TMD_55-746x1024.jpg 746w, https:\/\/www.orsiivik.gl\/wp-content\/uploads\/2010\/12\/TMD_55.jpg 1024w\" sizes=\"auto, (max-width: 218px) 100vw, 218px\" \/><\/a><\/p>\n<p>&nbsp;<\/p>\n<hr \/>\n","protected":false},"excerpt":{"rendered":"<p>Model: Schultz &amp; Larsen Hardcore TMD 45 lydd\u00e6mper Info: Lydd\u00e6mper til n\u00e6sten alle kaliber st\u00f8rrelser, vi lager f\u00f8rer den i alle g\u00e6ngse cal. Fordele ved brug af lydd\u00e6mper, er selvf\u00f8lgelig den markante d\u00e6mpning af lyden, samt en effektiv rekylbremse effekt opn\u00e5s. P\u00e5 feks en .308 win er det op mod 40% af rekylet der tages. [&hellip;]<\/p>\n","protected":false},"author":1,"featured_media":0,"parent":2,"menu_order":11,"comment_status":"closed","ping_status":"closed","template":"","meta":{"footnotes":"","_links_to":"","_links_to_target":""},"class_list":["post-333","page","type-page","status-publish","hentry"],"_links":{"self":[{"href":"https:\/\/www.orsiivik.gl\/index.php?rest_route=\/wp\/v2\/pages\/333","targetHints":{"allow":["GET"]}}],"collection":[{"href":"https:\/\/www.orsiivik.gl\/index.php?rest_route=\/wp\/v2\/pages"}],"about":[{"href":"https:\/\/www.orsiivik.gl\/index.php?rest_route=\/wp\/v2\/types\/page"}],"author":[{"embeddable":true,"href":"https:\/\/www.orsiivik.gl\/index.php?rest_route=\/wp\/v2\/users\/1"}],"replies":[{"embeddable":true,"href":"https:\/\/www.orsiivik.gl\/index.php?rest_route=%2Fwp%2Fv2%2Fcomments&post=333"}],"version-history":[{"count":17,"href":"https:\/\/www.orsiivik.gl\/index.php?rest_route=\/wp\/v2\/pages\/333\/revisions"}],"predecessor-version":[{"id":2845,"href":"https:\/\/www.orsiivik.gl\/index.php?rest_route=\/wp\/v2\/pages\/333\/revisions\/2845"}],"up":[{"embeddable":true,"href":"https:\/\/www.orsiivik.gl\/index.php?rest_route=\/wp\/v2\/pages\/2"}],"wp:attachment":[{"href":"https:\/\/www.orsiivik.gl\/index.php?rest_route=%2Fwp%2Fv2%2Fmedia&parent=333"}],"curies":[{"name":"wp","href":"https:\/\/api.w.org\/{rel}","templated":true}]}}